{"id":24560,"date":"2023-06-22T12:23:04","date_gmt":"2023-06-22T12:23:04","guid":{"rendered":"https:\/\/rosmary.eu\/produkt\/apa-de-parfum-pentru-femei-incidence-de-yves-de-sistelle-100-ml\/"},"modified":"2023-06-22T12:23:04","modified_gmt":"2023-06-22T12:23:04","slug":"apa-de-parfum-pentru-femei-incidence-de-yves-de-sistelle-100-ml","status":"publish","type":"product","link":"https:\/\/rosmary.eu\/ro\/produkt\/apa-de-parfum-pentru-femei-incidence-de-yves-de-sistelle-100-ml\/","title":{"rendered":"Ap\u0103 de parfum pentru femei Incidence de Yves de Sistelle, 100 ml"},"content":{"rendered":"<p>Incidence de Yves de Sistelle este un parfum pentru femei. Notele de v\u00e2rf sunt bergamot\u0103, mandarin\u0103 \u0219i par\u0103; notele de mijloc sunt iasomie, trandafir \u0219i iris; notele de baz\u0103 sunt mosc, cedru \u0219i chihlimbar.<\/p>\n","protected":false},"excerpt":{"rendered":"<p>Incidence de Yves de Sistelle este un parfum pentru femei. Notele de v\u00e2rf sunt bergamot\u0103, mandarin\u0103 \u0219i par\u0103; notele de<\/p>\n","protected":false},"featured_media":23321,"comment_status":"closed","ping_status":"closed","template":"","meta":[],"product_brand":[],"product_cat":[608,607,458],"product_tag":[],"class_list":{"0":"post-24560","1":"product","2":"type-product","3":"status-publish","4":"has-post-thumbnail","6":"product_cat-produse-cosmetice","7":"product_cat-femei-ro","8":"product_cat-parfumuri","10":"first","11":"instock","12":"purchasable","13":"product-type-simple"},"_links":{"self":[{"href":"https:\/\/rosmary.eu\/ro\/wp-json\/wp\/v2\/product\/24560","targetHints":{"allow":["GET"]}}],"collection":[{"href":"https:\/\/rosmary.eu\/ro\/wp-json\/wp\/v2\/product"}],"about":[{"href":"https:\/\/rosmary.eu\/ro\/wp-json\/wp\/v2\/types\/product"}],"replies":[{"embeddable":true,"href":"https:\/\/rosmary.eu\/ro\/wp-json\/wp\/v2\/comments?post=24560"}],"version-history":[{"count":0,"href":"https:\/\/rosmary.eu\/ro\/wp-json\/wp\/v2\/product\/24560\/revisions"}],"wp:featuredmedia":[{"embeddable":true,"href":"https:\/\/rosmary.eu\/ro\/wp-json\/wp\/v2\/media\/23321"}],"wp:attachment":[{"href":"https:\/\/rosmary.eu\/ro\/wp-json\/wp\/v2\/media?parent=24560"}],"wp:term":[{"taxonomy":"product_brand","embeddable":true,"href":"https:\/\/rosmary.eu\/ro\/wp-json\/wp\/v2\/product_brand?post=24560"},{"taxonomy":"product_cat","embeddable":true,"href":"https:\/\/rosmary.eu\/ro\/wp-json\/wp\/v2\/product_cat?post=24560"},{"taxonomy":"product_tag","embeddable":true,"href":"https:\/\/rosmary.eu\/ro\/wp-json\/wp\/v2\/product_tag?post=24560"}],"curies":[{"name":"wp","href":"https:\/\/api.w.org\/{rel}","templated":true}]}}