{"id":24558,"date":"2023-06-22T12:23:04","date_gmt":"2023-06-22T12:23:04","guid":{"rendered":"https:\/\/rosmary.eu\/produkt\/sapun-de-toaleta-dove-exfoliant-100-g\/"},"modified":"2023-06-22T12:23:04","modified_gmt":"2023-06-22T12:23:04","slug":"sapun-de-toaleta-dove-exfoliant-100-g","status":"publish","type":"product","link":"https:\/\/rosmary.eu\/ro\/produkt\/sapun-de-toaleta-dove-exfoliant-100-g\/","title":{"rendered":"S\u0103pun de toalet\u0103 Dove &#8211; Exfoliant, 100 g"},"content":{"rendered":"<p>Dove Gentle Exfoliating este un s\u0103pun crem\u0103 exfoliant care cur\u0103\u021b\u0103 delicat pielea corpului, \u00een timp ce o hr\u0103ne\u0219te \u0219i \u00eei confer\u0103 moliciune \u0219i netezime. S\u0103punul crem\u0103 con\u021bine 1\/4 de crem\u0103 hidratant\u0103 care se asigur\u0103 c\u0103 pielea este hr\u0103nit\u0103, hidratat\u0103 \u0219i hidratat\u0103 \u00een profunzime. Are o textur\u0103 delicat\u0103, u\u0219oar\u0103 \u0219i pl\u0103cut\u0103, care formeaz\u0103 o spum\u0103 bogat\u0103 \u0219i cur\u0103\u021b\u0103 delicat pielea f\u0103r\u0103 s\u0103 o usuce. Aroma sa unic\u0103 ofer\u0103 o senza\u021bie de cur\u0103\u021benie \u0219i prospe\u021bime pe tot parcursul zilei. Potrivit pentru utilizarea zilnic\u0103.<\/p>\n","protected":false},"excerpt":{"rendered":"<p>Dove Gentle Exfoliating este un s\u0103pun crem\u0103 exfoliant care cur\u0103\u021b\u0103 delicat pielea corpului, \u00een timp ce o hr\u0103ne\u0219te \u0219i \u00eei<\/p>\n","protected":false},"featured_media":23287,"comment_status":"closed","ping_status":"closed","template":"","meta":[],"product_brand":[],"product_cat":[522],"product_tag":[],"class_list":{"0":"post-24558","1":"product","2":"type-product","3":"status-publish","4":"has-post-thumbnail","6":"product_cat-sapunuri","8":"first","9":"instock","10":"purchasable","11":"product-type-simple"},"_links":{"self":[{"href":"https:\/\/rosmary.eu\/ro\/wp-json\/wp\/v2\/product\/24558","targetHints":{"allow":["GET"]}}],"collection":[{"href":"https:\/\/rosmary.eu\/ro\/wp-json\/wp\/v2\/product"}],"about":[{"href":"https:\/\/rosmary.eu\/ro\/wp-json\/wp\/v2\/types\/product"}],"replies":[{"embeddable":true,"href":"https:\/\/rosmary.eu\/ro\/wp-json\/wp\/v2\/comments?post=24558"}],"version-history":[{"count":0,"href":"https:\/\/rosmary.eu\/ro\/wp-json\/wp\/v2\/product\/24558\/revisions"}],"wp:featuredmedia":[{"embeddable":true,"href":"https:\/\/rosmary.eu\/ro\/wp-json\/wp\/v2\/media\/23287"}],"wp:attachment":[{"href":"https:\/\/rosmary.eu\/ro\/wp-json\/wp\/v2\/media?parent=24558"}],"wp:term":[{"taxonomy":"product_brand","embeddable":true,"href":"https:\/\/rosmary.eu\/ro\/wp-json\/wp\/v2\/product_brand?post=24558"},{"taxonomy":"product_cat","embeddable":true,"href":"https:\/\/rosmary.eu\/ro\/wp-json\/wp\/v2\/product_cat?post=24558"},{"taxonomy":"product_tag","embeddable":true,"href":"https:\/\/rosmary.eu\/ro\/wp-json\/wp\/v2\/product_tag?post=24558"}],"curies":[{"name":"wp","href":"https:\/\/api.w.org\/{rel}","templated":true}]}}