{"id":24554,"date":"2023-06-22T12:23:04","date_gmt":"2023-06-22T09:23:04","guid":{"rendered":"https:\/\/rosmary.eu\/produkt\/sapun-de-toaleta-kappus-muguet-125-g\/"},"modified":"2023-06-22T12:23:04","modified_gmt":"2023-06-22T12:23:04","slug":"sapun-de-toaleta-kappus-muguet-125-g","status":"publish","type":"product","link":"https:\/\/rosmary.eu\/ro\/produkt\/sapun-de-toaleta-kappus-muguet-125-g\/","title":{"rendered":"S\u0103pun de toalet\u0103 Kappus &#8211; Muguet, 125 g"},"content":{"rendered":"<p>Kappus Muquet este un s\u0103pun cu extract de crin din vale care igienizeaz\u0103 u\u0219or \u0219i rapid pielea m\u00e2inilor. S\u0103punul are un parfum de lung\u0103 durat\u0103 care \u00eengrije\u0219te pielea, men\u021bin\u00e2nd-o moale \u0219i proasp\u0103t\u0103.<\/p>\n","protected":false},"excerpt":{"rendered":"<p>Kappus Muquet este un s\u0103pun cu extract de crin din vale care igienizeaz\u0103 u\u0219or \u0219i rapid pielea m\u00e2inilor. S\u0103punul are<\/p>\n","protected":false},"featured_media":23323,"comment_status":"closed","ping_status":"closed","template":"","meta":[],"product_brand":[],"product_cat":[522],"product_tag":[],"class_list":{"0":"post-24554","1":"product","2":"type-product","3":"status-publish","4":"has-post-thumbnail","6":"product_cat-sapunuri","8":"first","9":"outofstock","10":"purchasable","11":"product-type-simple"},"_links":{"self":[{"href":"https:\/\/rosmary.eu\/ro\/wp-json\/wp\/v2\/product\/24554","targetHints":{"allow":["GET"]}}],"collection":[{"href":"https:\/\/rosmary.eu\/ro\/wp-json\/wp\/v2\/product"}],"about":[{"href":"https:\/\/rosmary.eu\/ro\/wp-json\/wp\/v2\/types\/product"}],"replies":[{"embeddable":true,"href":"https:\/\/rosmary.eu\/ro\/wp-json\/wp\/v2\/comments?post=24554"}],"version-history":[{"count":0,"href":"https:\/\/rosmary.eu\/ro\/wp-json\/wp\/v2\/product\/24554\/revisions"}],"wp:featuredmedia":[{"embeddable":true,"href":"https:\/\/rosmary.eu\/ro\/wp-json\/wp\/v2\/media\/23323"}],"wp:attachment":[{"href":"https:\/\/rosmary.eu\/ro\/wp-json\/wp\/v2\/media?parent=24554"}],"wp:term":[{"taxonomy":"product_brand","embeddable":true,"href":"https:\/\/rosmary.eu\/ro\/wp-json\/wp\/v2\/product_brand?post=24554"},{"taxonomy":"product_cat","embeddable":true,"href":"https:\/\/rosmary.eu\/ro\/wp-json\/wp\/v2\/product_cat?post=24554"},{"taxonomy":"product_tag","embeddable":true,"href":"https:\/\/rosmary.eu\/ro\/wp-json\/wp\/v2\/product_tag?post=24554"}],"curies":[{"name":"wp","href":"https:\/\/api.w.org\/{rel}","templated":true}]}}