{"id":24551,"date":"2023-06-22T12:23:11","date_gmt":"2023-06-22T09:23:11","guid":{"rendered":"https:\/\/rosmary.eu\/produkt\/ulei-de-protectie-solara-pentru-plaja-evterpa-spf50-150-ml\/"},"modified":"2023-06-22T12:23:11","modified_gmt":"2023-06-22T12:23:11","slug":"ulei-de-protectie-solara-pentru-plaja-evterpa-spf50-150-ml","status":"publish","type":"product","link":"https:\/\/rosmary.eu\/ro\/produkt\/ulei-de-protectie-solara-pentru-plaja-evterpa-spf50-150-ml\/","title":{"rendered":"Ulei de protec\u021bie solar\u0103 pentru plaj\u0103 Evterpa, SPF50, 150 ml"},"content":{"rendered":"<p>Un complex special de filtre pentru o protec\u021bie ridicat\u0103 \u0219i eficient\u0103 a pielii deschise \u00eempotriva razelor UVA \u0219i UVB d\u0103un\u0103toare. Cu vitamina E \u0219i uleiuri din semin\u021be de morcov \u0219i de nuc\u0103 de cocos, care au factori naturali de protec\u021bie. Recomand\u0103ri de utilizare. din uleiul de plaj\u0103 \u0219i se \u00eentinde u\u0219or pe piele. Folosi\u021bi-l timp de 20 de minute. \u00eenainte de expunerea la soare. Aplica\u021bi-l \u00een mod regulat , inclusiv dup\u0103 \u00eenot \u0219i baie.<\/p>\n","protected":false},"excerpt":{"rendered":"<p>Un complex special de filtre pentru o protec\u021bie ridicat\u0103 \u0219i eficient\u0103 a pielii deschise \u00eempotriva razelor UVA \u0219i UVB d\u0103un\u0103toare.<\/p>\n","protected":false},"featured_media":23301,"comment_status":"closed","ping_status":"closed","template":"","meta":[],"product_brand":[],"product_cat":[470],"product_tag":[],"class_list":{"0":"post-24551","1":"product","2":"type-product","3":"status-publish","4":"has-post-thumbnail","6":"product_cat-produse-de-protectie-solara","8":"first","9":"instock","10":"purchasable","11":"product-type-simple"},"_links":{"self":[{"href":"https:\/\/rosmary.eu\/ro\/wp-json\/wp\/v2\/product\/24551","targetHints":{"allow":["GET"]}}],"collection":[{"href":"https:\/\/rosmary.eu\/ro\/wp-json\/wp\/v2\/product"}],"about":[{"href":"https:\/\/rosmary.eu\/ro\/wp-json\/wp\/v2\/types\/product"}],"replies":[{"embeddable":true,"href":"https:\/\/rosmary.eu\/ro\/wp-json\/wp\/v2\/comments?post=24551"}],"version-history":[{"count":0,"href":"https:\/\/rosmary.eu\/ro\/wp-json\/wp\/v2\/product\/24551\/revisions"}],"wp:featuredmedia":[{"embeddable":true,"href":"https:\/\/rosmary.eu\/ro\/wp-json\/wp\/v2\/media\/23301"}],"wp:attachment":[{"href":"https:\/\/rosmary.eu\/ro\/wp-json\/wp\/v2\/media?parent=24551"}],"wp:term":[{"taxonomy":"product_brand","embeddable":true,"href":"https:\/\/rosmary.eu\/ro\/wp-json\/wp\/v2\/product_brand?post=24551"},{"taxonomy":"product_cat","embeddable":true,"href":"https:\/\/rosmary.eu\/ro\/wp-json\/wp\/v2\/product_cat?post=24551"},{"taxonomy":"product_tag","embeddable":true,"href":"https:\/\/rosmary.eu\/ro\/wp-json\/wp\/v2\/product_tag?post=24551"}],"curies":[{"name":"wp","href":"https:\/\/api.w.org\/{rel}","templated":true}]}}