{"id":24549,"date":"2023-06-22T12:23:04","date_gmt":"2023-06-22T12:23:04","guid":{"rendered":"https:\/\/rosmary.eu\/produkt\/sapun-de-toaleta-doxa-blackberry-150-g\/"},"modified":"2023-06-22T12:23:04","modified_gmt":"2023-06-22T12:23:04","slug":"sapun-de-toaleta-doxa-blackberry-150-g","status":"publish","type":"product","link":"https:\/\/rosmary.eu\/ro\/produkt\/sapun-de-toaleta-doxa-blackberry-150-g\/","title":{"rendered":"S\u0103pun de toalet\u0103 Doxa &#8211; Blackberry, 150 g"},"content":{"rendered":"<p>S\u0103punul de toalet\u0103 Doxa ajut\u0103 la hr\u0103nire \u0219i \u00eenmuiere. S\u0103punul con\u021bine ingrediente vegetale \u0219i nu irit\u0103 pielea.<\/p>\n","protected":false},"excerpt":{"rendered":"<p>S\u0103punul de toalet\u0103 Doxa ajut\u0103 la hr\u0103nire \u0219i \u00eenmuiere. S\u0103punul con\u021bine ingrediente vegetale \u0219i nu irit\u0103 pielea.<\/p>\n","protected":false},"featured_media":31822,"comment_status":"closed","ping_status":"closed","template":"","meta":[],"product_brand":[],"product_cat":[522],"product_tag":[],"class_list":{"0":"post-24549","1":"product","2":"type-product","3":"status-publish","4":"has-post-thumbnail","6":"product_cat-sapunuri","8":"first","9":"instock","10":"purchasable","11":"product-type-simple"},"_links":{"self":[{"href":"https:\/\/rosmary.eu\/ro\/wp-json\/wp\/v2\/product\/24549","targetHints":{"allow":["GET"]}}],"collection":[{"href":"https:\/\/rosmary.eu\/ro\/wp-json\/wp\/v2\/product"}],"about":[{"href":"https:\/\/rosmary.eu\/ro\/wp-json\/wp\/v2\/types\/product"}],"replies":[{"embeddable":true,"href":"https:\/\/rosmary.eu\/ro\/wp-json\/wp\/v2\/comments?post=24549"}],"version-history":[{"count":0,"href":"https:\/\/rosmary.eu\/ro\/wp-json\/wp\/v2\/product\/24549\/revisions"}],"wp:featuredmedia":[{"embeddable":true,"href":"https:\/\/rosmary.eu\/ro\/wp-json\/wp\/v2\/media\/31822"}],"wp:attachment":[{"href":"https:\/\/rosmary.eu\/ro\/wp-json\/wp\/v2\/media?parent=24549"}],"wp:term":[{"taxonomy":"product_brand","embeddable":true,"href":"https:\/\/rosmary.eu\/ro\/wp-json\/wp\/v2\/product_brand?post=24549"},{"taxonomy":"product_cat","embeddable":true,"href":"https:\/\/rosmary.eu\/ro\/wp-json\/wp\/v2\/product_cat?post=24549"},{"taxonomy":"product_tag","embeddable":true,"href":"https:\/\/rosmary.eu\/ro\/wp-json\/wp\/v2\/product_tag?post=24549"}],"curies":[{"name":"wp","href":"https:\/\/api.w.org\/{rel}","templated":true}]}}