{"id":24547,"date":"2023-06-22T12:54:36","date_gmt":"2023-06-22T12:54:36","guid":{"rendered":"https:\/\/rosmary.eu\/produkt\/calgon-detergent-anticalcar-lichid-power-15-spalari-750ml\/"},"modified":"2023-06-22T12:54:36","modified_gmt":"2023-06-22T12:54:36","slug":"calgon-detergent-anticalcar-lichid-power-15-spalari-750ml","status":"publish","type":"product","link":"https:\/\/rosmary.eu\/ro\/produkt\/calgon-detergent-anticalcar-lichid-power-15-spalari-750ml\/","title":{"rendered":"CALGON detergent anticalcar &#8211; lichid, Power, 15 sp\u0103l\u0103ri, 750ml"},"content":{"rendered":"<p>Calgon are o tripl\u0103 ac\u021biune de protec\u021bie a ma\u0219inii de sp\u0103lat. Formula sa previne acumularea de calcar, depunerile de murd\u0103rie \u0219i mirosurile nepl\u0103cute. Ingrediente active &#8211; policarboxila\u021bii \u00eenmoaie apa dur\u0103, \u00eempiedic\u00e2nd acumularea de depuneri de calcar. Aceasta protejeaz\u0103 p\u0103r\u021bile vitale ale ma\u0219inii de sp\u0103lat \u00eempotriva deterior\u0103rii. \u00cen plus, ingredientele sunt \u00eencorporate pentru a elimina murd\u0103ria acumulat\u0103, care este o cauz\u0103 comun\u0103 a mirosurilor nepl\u0103cute. \u00cen acest fel, v\u0103 pute\u021bi asigura c\u0103 hainele sunt impecabil de curate. Detergentul este potrivit pentru a fi utilizat \u00een orice tip de sp\u0103l\u0103torie \u0219i este sigur pentru toate tipurile de \u021bes\u0103turi.<\/p>\n","protected":false},"excerpt":{"rendered":"<p>Calgon are o tripl\u0103 ac\u021biune de protec\u021bie a ma\u0219inii de sp\u0103lat. Formula sa previne acumularea de calcar, depunerile de murd\u0103rie<\/p>\n","protected":false},"featured_media":31849,"comment_status":"closed","ping_status":"closed","template":"","meta":[],"product_brand":[],"product_cat":[576],"product_tag":[],"class_list":{"0":"post-24547","1":"product","2":"type-product","3":"status-publish","4":"has-post-thumbnail","6":"product_cat-detergenti-de-rufe","8":"first","9":"instock","10":"purchasable","11":"product-type-simple"},"_links":{"self":[{"href":"https:\/\/rosmary.eu\/ro\/wp-json\/wp\/v2\/product\/24547","targetHints":{"allow":["GET"]}}],"collection":[{"href":"https:\/\/rosmary.eu\/ro\/wp-json\/wp\/v2\/product"}],"about":[{"href":"https:\/\/rosmary.eu\/ro\/wp-json\/wp\/v2\/types\/product"}],"replies":[{"embeddable":true,"href":"https:\/\/rosmary.eu\/ro\/wp-json\/wp\/v2\/comments?post=24547"}],"version-history":[{"count":0,"href":"https:\/\/rosmary.eu\/ro\/wp-json\/wp\/v2\/product\/24547\/revisions"}],"wp:featuredmedia":[{"embeddable":true,"href":"https:\/\/rosmary.eu\/ro\/wp-json\/wp\/v2\/media\/31849"}],"wp:attachment":[{"href":"https:\/\/rosmary.eu\/ro\/wp-json\/wp\/v2\/media?parent=24547"}],"wp:term":[{"taxonomy":"product_brand","embeddable":true,"href":"https:\/\/rosmary.eu\/ro\/wp-json\/wp\/v2\/product_brand?post=24547"},{"taxonomy":"product_cat","embeddable":true,"href":"https:\/\/rosmary.eu\/ro\/wp-json\/wp\/v2\/product_cat?post=24547"},{"taxonomy":"product_tag","embeddable":true,"href":"https:\/\/rosmary.eu\/ro\/wp-json\/wp\/v2\/product_tag?post=24547"}],"curies":[{"name":"wp","href":"https:\/\/api.w.org\/{rel}","templated":true}]}}