{"id":24536,"date":"2023-06-22T12:23:04","date_gmt":"2023-06-22T09:23:04","guid":{"rendered":"https:\/\/rosmary.eu\/produkt\/sapun-de-spalare-diana-clasic-4x110-g\/"},"modified":"2023-06-22T12:23:04","modified_gmt":"2023-06-22T12:23:04","slug":"sapun-de-spalare-diana-clasic-4x110-g","status":"publish","type":"product","link":"https:\/\/rosmary.eu\/ro\/produkt\/sapun-de-spalare-diana-clasic-4x110-g\/","title":{"rendered":"S\u0103pun de sp\u0103lare Diana &#8211; Clasic, 4&#215;110 g"},"content":{"rendered":"<p>Set de 4 s\u0103punuri de rufe Diana Classic, fiecare de 110 grame. Spal\u0103 perfect chiar \u0219i petele \u00eenc\u0103p\u0103\u021b\u00e2nate \u0219i las\u0103 rufele mirosind proasp\u0103t.<\/p>\n","protected":false},"excerpt":{"rendered":"<p>Set de 4 s\u0103punuri de rufe Diana Classic, fiecare de 110 grame. Spal\u0103 perfect chiar \u0219i petele \u00eenc\u0103p\u0103\u021b\u00e2nate \u0219i las\u0103<\/p>\n","protected":false},"featured_media":31819,"comment_status":"closed","ping_status":"closed","template":"","meta":[],"product_brand":[],"product_cat":[522,590,593],"product_tag":[],"class_list":{"0":"post-24536","1":"product","2":"type-product","3":"status-publish","4":"has-post-thumbnail","6":"product_cat-sapunuri","7":"product_cat-igiena-personala","8":"product_cat-unisex","10":"first","11":"instock","12":"purchasable","13":"product-type-simple"},"_links":{"self":[{"href":"https:\/\/rosmary.eu\/ro\/wp-json\/wp\/v2\/product\/24536","targetHints":{"allow":["GET"]}}],"collection":[{"href":"https:\/\/rosmary.eu\/ro\/wp-json\/wp\/v2\/product"}],"about":[{"href":"https:\/\/rosmary.eu\/ro\/wp-json\/wp\/v2\/types\/product"}],"replies":[{"embeddable":true,"href":"https:\/\/rosmary.eu\/ro\/wp-json\/wp\/v2\/comments?post=24536"}],"version-history":[{"count":0,"href":"https:\/\/rosmary.eu\/ro\/wp-json\/wp\/v2\/product\/24536\/revisions"}],"wp:featuredmedia":[{"embeddable":true,"href":"https:\/\/rosmary.eu\/ro\/wp-json\/wp\/v2\/media\/31819"}],"wp:attachment":[{"href":"https:\/\/rosmary.eu\/ro\/wp-json\/wp\/v2\/media?parent=24536"}],"wp:term":[{"taxonomy":"product_brand","embeddable":true,"href":"https:\/\/rosmary.eu\/ro\/wp-json\/wp\/v2\/product_brand?post=24536"},{"taxonomy":"product_cat","embeddable":true,"href":"https:\/\/rosmary.eu\/ro\/wp-json\/wp\/v2\/product_cat?post=24536"},{"taxonomy":"product_tag","embeddable":true,"href":"https:\/\/rosmary.eu\/ro\/wp-json\/wp\/v2\/product_tag?post=24536"}],"curies":[{"name":"wp","href":"https:\/\/api.w.org\/{rel}","templated":true}]}}