{"id":24533,"date":"2023-06-22T12:54:36","date_gmt":"2023-06-22T12:54:36","guid":{"rendered":"https:\/\/rosmary.eu\/produkt\/anti-patare-eureka-senso-1-l\/"},"modified":"2023-06-22T12:54:36","modified_gmt":"2023-06-22T12:54:36","slug":"anti-patare-eureka-senso-1-l","status":"publish","type":"product","link":"https:\/\/rosmary.eu\/ro\/produkt\/anti-patare-eureka-senso-1-l\/","title":{"rendered":"Anti-p\u0103tare Eureka Senso, 1 l"},"content":{"rendered":"<p>Produsul de \u00eendep\u0103rtare a petelor Eureka Senso cur\u0103\u021b\u0103 chiar \u0219i cele mai dificile pete de pe \u021bes\u0103turile delicate. Datorit\u0103 formulei sale cu oxigen activ, poate trata chiar \u0219i \u021bes\u0103turile care pot fi tratate cu clor. Trata\u021bi pata uscat\u0103, f\u0103r\u0103 a dilua detergentul. A\u0219tepta\u021bi c\u00e2teva minute \u0219i coace\u021bi ca de obicei.<\/p>\n","protected":false},"excerpt":{"rendered":"<p>Produsul de \u00eendep\u0103rtare a petelor Eureka Senso cur\u0103\u021b\u0103 chiar \u0219i cele mai dificile pete de pe \u021bes\u0103turile delicate. Datorit\u0103 formulei<\/p>\n","protected":false},"featured_media":23435,"comment_status":"closed","ping_status":"closed","template":"","meta":[],"product_brand":[],"product_cat":[317],"product_tag":[],"class_list":{"0":"post-24533","1":"product","2":"type-product","3":"status-publish","4":"has-post-thumbnail","6":"product_cat-obshti","8":"first","9":"outofstock","10":"purchasable","11":"product-type-simple"},"_links":{"self":[{"href":"https:\/\/rosmary.eu\/ro\/wp-json\/wp\/v2\/product\/24533","targetHints":{"allow":["GET"]}}],"collection":[{"href":"https:\/\/rosmary.eu\/ro\/wp-json\/wp\/v2\/product"}],"about":[{"href":"https:\/\/rosmary.eu\/ro\/wp-json\/wp\/v2\/types\/product"}],"replies":[{"embeddable":true,"href":"https:\/\/rosmary.eu\/ro\/wp-json\/wp\/v2\/comments?post=24533"}],"version-history":[{"count":0,"href":"https:\/\/rosmary.eu\/ro\/wp-json\/wp\/v2\/product\/24533\/revisions"}],"wp:featuredmedia":[{"embeddable":true,"href":"https:\/\/rosmary.eu\/ro\/wp-json\/wp\/v2\/media\/23435"}],"wp:attachment":[{"href":"https:\/\/rosmary.eu\/ro\/wp-json\/wp\/v2\/media?parent=24533"}],"wp:term":[{"taxonomy":"product_brand","embeddable":true,"href":"https:\/\/rosmary.eu\/ro\/wp-json\/wp\/v2\/product_brand?post=24533"},{"taxonomy":"product_cat","embeddable":true,"href":"https:\/\/rosmary.eu\/ro\/wp-json\/wp\/v2\/product_cat?post=24533"},{"taxonomy":"product_tag","embeddable":true,"href":"https:\/\/rosmary.eu\/ro\/wp-json\/wp\/v2\/product_tag?post=24533"}],"curies":[{"name":"wp","href":"https:\/\/api.w.org\/{rel}","templated":true}]}}