{"id":24530,"date":"2023-06-22T12:23:04","date_gmt":"2023-06-22T12:23:04","guid":{"rendered":"https:\/\/rosmary.eu\/produkt\/sapun-de-toaleta-palmolive-naturals-irresistible-touch-orchid-90-g\/"},"modified":"2023-06-22T12:23:04","modified_gmt":"2023-06-22T12:23:04","slug":"sapun-de-toaleta-palmolive-naturals-irresistible-touch-orchid-90-g","status":"publish","type":"product","link":"https:\/\/rosmary.eu\/ro\/produkt\/sapun-de-toaleta-palmolive-naturals-irresistible-touch-orchid-90-g\/","title":{"rendered":"S\u0103pun de toalet\u0103 Palmolive Naturals- Irresistible touch Orchid, 90 g"},"content":{"rendered":"<p>Palmolive Naturals Irresistible Touch Orchid este un s\u0103pun de cur\u0103\u021bare cu arom\u0103 de orhidee, special formulat pentru uz zilnic, care cur\u0103\u021b\u0103 perfect pielea \u0219i \u00eei confer\u0103 moliciune \u0219i \u00eengrijire delicat\u0103. Formula sa inovatoare este bogat\u0103 \u00een ingrediente valoroase, cunoscute pentru propriet\u0103\u021bile lor nutritive \u0219i pentru efectul de hidratare profund\u0103.<\/p>\n","protected":false},"excerpt":{"rendered":"<p>Palmolive Naturals Irresistible Touch Orchid este un s\u0103pun de cur\u0103\u021bare cu arom\u0103 de orhidee, special formulat pentru uz zilnic, care<\/p>\n","protected":false},"featured_media":23354,"comment_status":"closed","ping_status":"open","template":"","meta":[],"product_brand":[],"product_cat":[522],"product_tag":[],"class_list":{"0":"post-24530","1":"product","2":"type-product","3":"status-publish","4":"has-post-thumbnail","6":"product_cat-sapunuri","8":"first","9":"instock","10":"purchasable","11":"product-type-simple"},"_links":{"self":[{"href":"https:\/\/rosmary.eu\/ro\/wp-json\/wp\/v2\/product\/24530","targetHints":{"allow":["GET"]}}],"collection":[{"href":"https:\/\/rosmary.eu\/ro\/wp-json\/wp\/v2\/product"}],"about":[{"href":"https:\/\/rosmary.eu\/ro\/wp-json\/wp\/v2\/types\/product"}],"replies":[{"embeddable":true,"href":"https:\/\/rosmary.eu\/ro\/wp-json\/wp\/v2\/comments?post=24530"}],"version-history":[{"count":0,"href":"https:\/\/rosmary.eu\/ro\/wp-json\/wp\/v2\/product\/24530\/revisions"}],"wp:featuredmedia":[{"embeddable":true,"href":"https:\/\/rosmary.eu\/ro\/wp-json\/wp\/v2\/media\/23354"}],"wp:attachment":[{"href":"https:\/\/rosmary.eu\/ro\/wp-json\/wp\/v2\/media?parent=24530"}],"wp:term":[{"taxonomy":"product_brand","embeddable":true,"href":"https:\/\/rosmary.eu\/ro\/wp-json\/wp\/v2\/product_brand?post=24530"},{"taxonomy":"product_cat","embeddable":true,"href":"https:\/\/rosmary.eu\/ro\/wp-json\/wp\/v2\/product_cat?post=24530"},{"taxonomy":"product_tag","embeddable":true,"href":"https:\/\/rosmary.eu\/ro\/wp-json\/wp\/v2\/product_tag?post=24530"}],"curies":[{"name":"wp","href":"https:\/\/api.w.org\/{rel}","templated":true}]}}