{"id":24524,"date":"2023-06-22T12:54:43","date_gmt":"2023-06-22T12:54:43","guid":{"rendered":"https:\/\/rosmary.eu\/produkt\/detergent-de-spalat-vase-fairy-max-power-450-ml\/"},"modified":"2023-06-22T12:54:43","modified_gmt":"2023-06-22T12:54:43","slug":"detergent-de-spalat-vase-fairy-max-power-450-ml","status":"publish","type":"product","link":"https:\/\/rosmary.eu\/ro\/produkt\/detergent-de-spalat-vase-fairy-max-power-450-ml\/","title":{"rendered":"Detergent de sp\u0103lat vase Fairy MAX Power, 450 ml"},"content":{"rendered":"<p>Fairy Max Power v\u0103 ofer\u0103 puterea maxim\u0103 a lui Fairy cu un efort minim \u0219i \u00eentr-o sticl\u0103 inversat\u0103, astfel \u00eenc\u00e2t v\u0103 pute\u021bi bucura de sp\u0103larea vaselor p\u00e2n\u0103 la ultima pic\u0103tur\u0103! Transforma\u021bi sp\u0103latul rufelor \u00eentr-o pl\u0103cere cu Fairy Max Power datorit\u0103 celui mai u\u0219or de folosit flacon din gama Fairy &#8211; proiectat cu capul \u00een jos \u0219i disponibil f\u0103r\u0103 capac pentru o distribuire rapid\u0103 \u0219i u\u0219oar\u0103. O singur\u0103 pic\u0103tur\u0103 din formula concentrat\u0103 a lui Fairy v\u0103 ofer\u0103 spum\u0103 de lung\u0103 durat\u0103, astfel \u00eenc\u00e2t vasele dvs. vor fi impecabil de curate. Fairy \u00eendep\u0103rteaz\u0103 gr\u0103simea \u0219i cele mai \u00eenc\u0103p\u0103\u021b\u00e2nate murd\u0103rii \u0219i reziduuri alimentare, asigur\u00e2nd o sp\u0103lare rapid\u0103 \u0219i l\u0103s\u00e2nd vasele str\u0103lucitor de curate.<\/p>\n","protected":false},"excerpt":{"rendered":"<p>Fairy Max Power v\u0103 ofer\u0103 puterea maxim\u0103 a lui Fairy cu un efort minim \u0219i \u00eentr-o sticl\u0103 inversat\u0103, astfel \u00eenc\u00e2t<\/p>\n","protected":false},"featured_media":23448,"comment_status":"closed","ping_status":"closed","template":"","meta":[],"product_brand":[],"product_cat":[515],"product_tag":[],"class_list":{"0":"post-24524","1":"product","2":"type-product","3":"status-publish","4":"has-post-thumbnail","6":"product_cat-detergent-de-vase","8":"first","9":"instock","10":"purchasable","11":"product-type-simple"},"_links":{"self":[{"href":"https:\/\/rosmary.eu\/ro\/wp-json\/wp\/v2\/product\/24524","targetHints":{"allow":["GET"]}}],"collection":[{"href":"https:\/\/rosmary.eu\/ro\/wp-json\/wp\/v2\/product"}],"about":[{"href":"https:\/\/rosmary.eu\/ro\/wp-json\/wp\/v2\/types\/product"}],"replies":[{"embeddable":true,"href":"https:\/\/rosmary.eu\/ro\/wp-json\/wp\/v2\/comments?post=24524"}],"version-history":[{"count":0,"href":"https:\/\/rosmary.eu\/ro\/wp-json\/wp\/v2\/product\/24524\/revisions"}],"wp:featuredmedia":[{"embeddable":true,"href":"https:\/\/rosmary.eu\/ro\/wp-json\/wp\/v2\/media\/23448"}],"wp:attachment":[{"href":"https:\/\/rosmary.eu\/ro\/wp-json\/wp\/v2\/media?parent=24524"}],"wp:term":[{"taxonomy":"product_brand","embeddable":true,"href":"https:\/\/rosmary.eu\/ro\/wp-json\/wp\/v2\/product_brand?post=24524"},{"taxonomy":"product_cat","embeddable":true,"href":"https:\/\/rosmary.eu\/ro\/wp-json\/wp\/v2\/product_cat?post=24524"},{"taxonomy":"product_tag","embeddable":true,"href":"https:\/\/rosmary.eu\/ro\/wp-json\/wp\/v2\/product_tag?post=24524"}],"curies":[{"name":"wp","href":"https:\/\/api.w.org\/{rel}","templated":true}]}}