{"id":24513,"date":"2023-06-22T12:54:43","date_gmt":"2023-06-22T12:54:43","guid":{"rendered":"https:\/\/rosmary.eu\/produkt\/bingo-jo-cu-lamaie-500-g\/"},"modified":"2023-06-22T12:54:43","modified_gmt":"2023-06-22T12:54:43","slug":"bingo-jo-cu-lamaie-500-g","status":"publish","type":"product","link":"https:\/\/rosmary.eu\/ro\/produkt\/bingo-jo-cu-lamaie-500-g\/","title":{"rendered":"Bingo JO cu l\u0103m\u00e2ie, 500 g"},"content":{"rendered":"<p>Datorit\u0103 formulei speciale a prafului de cur\u0103\u021bare Bingo OV ve\u021bi ob\u021bine cur\u0103\u021benia \u0219i str\u0103lucirea dorit\u0103 atunci c\u00e2nd v\u0103 cur\u0103\u021ba\u021bi baia, buc\u0103t\u0103ria, chiuveta \u0219i suprafe\u021bele de gresie. \u00cendep\u0103rteaz\u0103 petele persistente \u0219i greu de cur\u0103\u021bat, murd\u0103ria \u0219i mirosurile nepl\u0103cute. Bingo Ov cu amoniac las\u0103 un miros de cur\u0103\u021benie \u0219i prospe\u021bime pe locurile cur\u0103\u021bate cu el.<\/p>\n","protected":false},"excerpt":{"rendered":"<p>Datorit\u0103 formulei speciale a prafului de cur\u0103\u021bare Bingo OV ve\u021bi ob\u021bine cur\u0103\u021benia \u0219i str\u0103lucirea dorit\u0103 atunci c\u00e2nd v\u0103 cur\u0103\u021ba\u021bi baia,<\/p>\n","protected":false},"featured_media":23403,"comment_status":"closed","ping_status":"closed","template":"","meta":[],"product_brand":[],"product_cat":[517,460],"product_tag":[],"class_list":{"0":"post-24513","1":"product","2":"type-product","3":"status-publish","4":"has-post-thumbnail","6":"product_cat-preparate-abrazive","7":"product_cat-promotii","9":"first","10":"instock","11":"sale","12":"purchasable","13":"product-type-simple"},"_links":{"self":[{"href":"https:\/\/rosmary.eu\/ro\/wp-json\/wp\/v2\/product\/24513","targetHints":{"allow":["GET"]}}],"collection":[{"href":"https:\/\/rosmary.eu\/ro\/wp-json\/wp\/v2\/product"}],"about":[{"href":"https:\/\/rosmary.eu\/ro\/wp-json\/wp\/v2\/types\/product"}],"replies":[{"embeddable":true,"href":"https:\/\/rosmary.eu\/ro\/wp-json\/wp\/v2\/comments?post=24513"}],"version-history":[{"count":0,"href":"https:\/\/rosmary.eu\/ro\/wp-json\/wp\/v2\/product\/24513\/revisions"}],"wp:featuredmedia":[{"embeddable":true,"href":"https:\/\/rosmary.eu\/ro\/wp-json\/wp\/v2\/media\/23403"}],"wp:attachment":[{"href":"https:\/\/rosmary.eu\/ro\/wp-json\/wp\/v2\/media?parent=24513"}],"wp:term":[{"taxonomy":"product_brand","embeddable":true,"href":"https:\/\/rosmary.eu\/ro\/wp-json\/wp\/v2\/product_brand?post=24513"},{"taxonomy":"product_cat","embeddable":true,"href":"https:\/\/rosmary.eu\/ro\/wp-json\/wp\/v2\/product_cat?post=24513"},{"taxonomy":"product_tag","embeddable":true,"href":"https:\/\/rosmary.eu\/ro\/wp-json\/wp\/v2\/product_tag?post=24513"}],"curies":[{"name":"wp","href":"https:\/\/api.w.org\/{rel}","templated":true}]}}