{"id":24512,"date":"2023-06-22T12:54:43","date_gmt":"2023-06-22T12:54:43","guid":{"rendered":"https:\/\/rosmary.eu\/produkt\/detergent-de-vase-elvi-gel-apple-500-ml\/"},"modified":"2023-06-22T12:54:43","modified_gmt":"2023-06-22T12:54:43","slug":"detergent-de-vase-elvi-gel-apple-500-ml","status":"publish","type":"product","link":"https:\/\/rosmary.eu\/ro\/produkt\/detergent-de-vase-elvi-gel-apple-500-ml\/","title":{"rendered":"Detergent de vase Elvi gel &#8211; Apple, 500 ml"},"content":{"rendered":"<p>Elvi gel este un detergent de sp\u0103lat vase extrem de economic. Formula sa echilibrat\u0103 asigur\u0103 o sp\u0103lare \u0219i o cl\u0103tire excelent\u0103 la un pre\u021b extrem de rezonabil. Dizolv\u0103 instantaneu gr\u0103simea \u0219i spal\u0103 perfect ustensilele \u0219i vasele murdare la un cost redus \u0219i asigur\u0103 o cl\u0103tire excelent\u0103. Pe suprafe\u021bele sp\u0103late nu r\u0103m\u00e2n dungi sau urme.<\/p>\n","protected":false},"excerpt":{"rendered":"<p>Elvi gel este un detergent de sp\u0103lat vase extrem de economic. Formula sa echilibrat\u0103 asigur\u0103 o sp\u0103lare \u0219i o cl\u0103tire<\/p>\n","protected":false},"featured_media":23433,"comment_status":"closed","ping_status":"closed","template":"","meta":[],"product_brand":[],"product_cat":[515],"product_tag":[],"class_list":{"0":"post-24512","1":"product","2":"type-product","3":"status-publish","4":"has-post-thumbnail","6":"product_cat-detergent-de-vase","8":"first","9":"instock","10":"purchasable","11":"product-type-simple"},"_links":{"self":[{"href":"https:\/\/rosmary.eu\/ro\/wp-json\/wp\/v2\/product\/24512","targetHints":{"allow":["GET"]}}],"collection":[{"href":"https:\/\/rosmary.eu\/ro\/wp-json\/wp\/v2\/product"}],"about":[{"href":"https:\/\/rosmary.eu\/ro\/wp-json\/wp\/v2\/types\/product"}],"replies":[{"embeddable":true,"href":"https:\/\/rosmary.eu\/ro\/wp-json\/wp\/v2\/comments?post=24512"}],"version-history":[{"count":0,"href":"https:\/\/rosmary.eu\/ro\/wp-json\/wp\/v2\/product\/24512\/revisions"}],"wp:featuredmedia":[{"embeddable":true,"href":"https:\/\/rosmary.eu\/ro\/wp-json\/wp\/v2\/media\/23433"}],"wp:attachment":[{"href":"https:\/\/rosmary.eu\/ro\/wp-json\/wp\/v2\/media?parent=24512"}],"wp:term":[{"taxonomy":"product_brand","embeddable":true,"href":"https:\/\/rosmary.eu\/ro\/wp-json\/wp\/v2\/product_brand?post=24512"},{"taxonomy":"product_cat","embeddable":true,"href":"https:\/\/rosmary.eu\/ro\/wp-json\/wp\/v2\/product_cat?post=24512"},{"taxonomy":"product_tag","embeddable":true,"href":"https:\/\/rosmary.eu\/ro\/wp-json\/wp\/v2\/product_tag?post=24512"}],"curies":[{"name":"wp","href":"https:\/\/api.w.org\/{rel}","templated":true}]}}