{"id":24511,"date":"2023-06-22T12:54:43","date_gmt":"2023-06-22T12:54:43","guid":{"rendered":"https:\/\/rosmary.eu\/produkt\/detergent-de-vase-fairy-mar-verde-450-ml\/"},"modified":"2023-06-22T12:54:43","modified_gmt":"2023-06-22T12:54:43","slug":"detergent-de-vase-fairy-mar-verde-450-ml","status":"publish","type":"product","link":"https:\/\/rosmary.eu\/ro\/produkt\/detergent-de-vase-fairy-mar-verde-450-ml\/","title":{"rendered":"Detergent de vase Fairy &#8211; m\u0103r verde, 450 ml"},"content":{"rendered":"<p>Fairy este un detergent puternic de sp\u0103lat vase care cru\u021b\u0103 pielea m\u00e2inilor \u0219i le confer\u0103 o arom\u0103 irezistibil\u0103. Produsul cur\u0103\u021b\u0103 perfect chiar \u0219i cea mai \u00eenc\u0103p\u0103\u021b\u00e2nat\u0103 gr\u0103sime cu o singur\u0103 trecere cu buretele \u0219i las\u0103 o str\u0103lucire ca o oglind\u0103. Gelul de sp\u0103lare puternic \u00eendep\u0103rteaz\u0103 gr\u0103simea \u0219i reziduurile de alimente uscate de pe vase. Parfumul s\u0103u delicat, combinat cu formula moale pentru piele, fac din sp\u0103larea vaselor o adev\u0103rat\u0103 pl\u0103cere.<\/p>\n","protected":false},"excerpt":{"rendered":"<p>Fairy este un detergent puternic de sp\u0103lat vase care cru\u021b\u0103 pielea m\u00e2inilor \u0219i le confer\u0103 o arom\u0103 irezistibil\u0103. Produsul cur\u0103\u021b\u0103<\/p>\n","protected":false},"featured_media":23451,"comment_status":"closed","ping_status":"closed","template":"","meta":[],"product_brand":[],"product_cat":[515],"product_tag":[],"class_list":{"0":"post-24511","1":"product","2":"type-product","3":"status-publish","4":"has-post-thumbnail","6":"product_cat-detergent-de-vase","8":"first","9":"instock","10":"purchasable","11":"product-type-simple"},"_links":{"self":[{"href":"https:\/\/rosmary.eu\/ro\/wp-json\/wp\/v2\/product\/24511","targetHints":{"allow":["GET"]}}],"collection":[{"href":"https:\/\/rosmary.eu\/ro\/wp-json\/wp\/v2\/product"}],"about":[{"href":"https:\/\/rosmary.eu\/ro\/wp-json\/wp\/v2\/types\/product"}],"replies":[{"embeddable":true,"href":"https:\/\/rosmary.eu\/ro\/wp-json\/wp\/v2\/comments?post=24511"}],"version-history":[{"count":0,"href":"https:\/\/rosmary.eu\/ro\/wp-json\/wp\/v2\/product\/24511\/revisions"}],"wp:featuredmedia":[{"embeddable":true,"href":"https:\/\/rosmary.eu\/ro\/wp-json\/wp\/v2\/media\/23451"}],"wp:attachment":[{"href":"https:\/\/rosmary.eu\/ro\/wp-json\/wp\/v2\/media?parent=24511"}],"wp:term":[{"taxonomy":"product_brand","embeddable":true,"href":"https:\/\/rosmary.eu\/ro\/wp-json\/wp\/v2\/product_brand?post=24511"},{"taxonomy":"product_cat","embeddable":true,"href":"https:\/\/rosmary.eu\/ro\/wp-json\/wp\/v2\/product_cat?post=24511"},{"taxonomy":"product_tag","embeddable":true,"href":"https:\/\/rosmary.eu\/ro\/wp-json\/wp\/v2\/product_tag?post=24511"}],"curies":[{"name":"wp","href":"https:\/\/api.w.org\/{rel}","templated":true}]}}