{"id":24504,"date":"2023-06-22T12:54:43","date_gmt":"2023-06-22T12:54:43","guid":{"rendered":"https:\/\/rosmary.eu\/produkt\/feya-detergent-de-spalat-vase-cu-aroma-de-mere-450-ml\/"},"modified":"2023-06-22T12:54:43","modified_gmt":"2023-06-22T12:54:43","slug":"feya-detergent-de-spalat-vase-cu-aroma-de-mere-450-ml","status":"publish","type":"product","link":"https:\/\/rosmary.eu\/ro\/produkt\/feya-detergent-de-spalat-vase-cu-aroma-de-mere-450-ml\/","title":{"rendered":"Feya Detergent de sp\u0103lat vase cu arom\u0103 de mere, 450 ml"},"content":{"rendered":"<p>Feya Gel este un detergent de sp\u0103lat vase care con\u021bine o\u021bet \u0219i ulei de portocale, care cur\u0103\u021b\u0103 perfect gr\u0103simea \u00eenc\u0103p\u0103\u021b\u00e2nat\u0103 chiar \u0219i cu ap\u0103 rece. Gelul pentru vase \u00eengrije\u0219te pielea delicat\u0103 a m\u00e2inilor \u0219i previne uscarea. Produsul \u00eendep\u0103rteaz\u0103 murd\u0103ria cu o singur\u0103 trecere a buretelui \u0219i las\u0103 o str\u0103lucire ca o oglind\u0103. Parfumul s\u0103u delicat face ca sp\u0103larea vaselor s\u0103 fie o adev\u0103rat\u0103 pl\u0103cere.<\/p>\n","protected":false},"excerpt":{"rendered":"<p>Feya Gel este un detergent de sp\u0103lat vase care con\u021bine o\u021bet \u0219i ulei de portocale, care cur\u0103\u021b\u0103 perfect gr\u0103simea \u00eenc\u0103p\u0103\u021b\u00e2nat\u0103<\/p>\n","protected":false},"featured_media":23451,"comment_status":"closed","ping_status":"closed","template":"","meta":[],"product_brand":[],"product_cat":[515],"product_tag":[],"class_list":{"0":"post-24504","1":"product","2":"type-product","3":"status-publish","4":"has-post-thumbnail","6":"product_cat-detergent-de-vase","8":"first","9":"instock","10":"purchasable","11":"product-type-simple"},"_links":{"self":[{"href":"https:\/\/rosmary.eu\/ro\/wp-json\/wp\/v2\/product\/24504","targetHints":{"allow":["GET"]}}],"collection":[{"href":"https:\/\/rosmary.eu\/ro\/wp-json\/wp\/v2\/product"}],"about":[{"href":"https:\/\/rosmary.eu\/ro\/wp-json\/wp\/v2\/types\/product"}],"replies":[{"embeddable":true,"href":"https:\/\/rosmary.eu\/ro\/wp-json\/wp\/v2\/comments?post=24504"}],"version-history":[{"count":0,"href":"https:\/\/rosmary.eu\/ro\/wp-json\/wp\/v2\/product\/24504\/revisions"}],"wp:featuredmedia":[{"embeddable":true,"href":"https:\/\/rosmary.eu\/ro\/wp-json\/wp\/v2\/media\/23451"}],"wp:attachment":[{"href":"https:\/\/rosmary.eu\/ro\/wp-json\/wp\/v2\/media?parent=24504"}],"wp:term":[{"taxonomy":"product_brand","embeddable":true,"href":"https:\/\/rosmary.eu\/ro\/wp-json\/wp\/v2\/product_brand?post=24504"},{"taxonomy":"product_cat","embeddable":true,"href":"https:\/\/rosmary.eu\/ro\/wp-json\/wp\/v2\/product_cat?post=24504"},{"taxonomy":"product_tag","embeddable":true,"href":"https:\/\/rosmary.eu\/ro\/wp-json\/wp\/v2\/product_tag?post=24504"}],"curies":[{"name":"wp","href":"https:\/\/api.w.org\/{rel}","templated":true}]}}