{"id":24500,"date":"2023-06-22T12:54:50","date_gmt":"2023-06-22T12:54:50","guid":{"rendered":"https:\/\/rosmary.eu\/produkt\/dr-fresh-lazur-500-ml\/"},"modified":"2023-06-22T12:54:50","modified_gmt":"2023-06-22T12:54:50","slug":"dr-fresh-lazur-500-ml","status":"publish","type":"product","link":"https:\/\/rosmary.eu\/ro\/produkt\/dr-fresh-lazur-500-ml\/","title":{"rendered":"Dr. Fresh &#8211; Lazur, 500 ml"},"content":{"rendered":"<p>Detergent de sp\u0103lat vase Dr. Fresh se prezint\u0103 \u00eentr-un ambalaj comod \u0219i practic de 500 de mililitri \u0219i are un parfum pl\u0103cut \u0219i delicat. Dispozitivul de cur\u0103\u021bare \u00eendep\u0103rteaz\u0103 gr\u0103simea, petele arse \u0219i reziduurile alimentare de pe vasele dvs., l\u0103s\u00e2ndu-le str\u0103lucitor de curate.<\/p>\n","protected":false},"excerpt":{"rendered":"<p>Detergent de sp\u0103lat vase Dr. Fresh se prezint\u0103 \u00eentr-un ambalaj comod \u0219i practic de 500 de mililitri \u0219i are un<\/p>\n","protected":false},"featured_media":23464,"comment_status":"closed","ping_status":"closed","template":"","meta":[],"product_brand":[],"product_cat":[515],"product_tag":[],"class_list":{"0":"post-24500","1":"product","2":"type-product","3":"status-publish","4":"has-post-thumbnail","6":"product_cat-detergent-de-vase","8":"first","9":"instock","10":"purchasable","11":"product-type-simple"},"_links":{"self":[{"href":"https:\/\/rosmary.eu\/ro\/wp-json\/wp\/v2\/product\/24500","targetHints":{"allow":["GET"]}}],"collection":[{"href":"https:\/\/rosmary.eu\/ro\/wp-json\/wp\/v2\/product"}],"about":[{"href":"https:\/\/rosmary.eu\/ro\/wp-json\/wp\/v2\/types\/product"}],"replies":[{"embeddable":true,"href":"https:\/\/rosmary.eu\/ro\/wp-json\/wp\/v2\/comments?post=24500"}],"version-history":[{"count":0,"href":"https:\/\/rosmary.eu\/ro\/wp-json\/wp\/v2\/product\/24500\/revisions"}],"wp:featuredmedia":[{"embeddable":true,"href":"https:\/\/rosmary.eu\/ro\/wp-json\/wp\/v2\/media\/23464"}],"wp:attachment":[{"href":"https:\/\/rosmary.eu\/ro\/wp-json\/wp\/v2\/media?parent=24500"}],"wp:term":[{"taxonomy":"product_brand","embeddable":true,"href":"https:\/\/rosmary.eu\/ro\/wp-json\/wp\/v2\/product_brand?post=24500"},{"taxonomy":"product_cat","embeddable":true,"href":"https:\/\/rosmary.eu\/ro\/wp-json\/wp\/v2\/product_cat?post=24500"},{"taxonomy":"product_tag","embeddable":true,"href":"https:\/\/rosmary.eu\/ro\/wp-json\/wp\/v2\/product_tag?post=24500"}],"curies":[{"name":"wp","href":"https:\/\/api.w.org\/{rel}","templated":true}]}}