{"id":24498,"date":"2023-06-22T12:54:50","date_gmt":"2023-06-22T12:54:50","guid":{"rendered":"https:\/\/rosmary.eu\/produkt\/cleaner-cif-cream-original-250-ml\/"},"modified":"2023-06-22T12:54:50","modified_gmt":"2023-06-22T12:54:50","slug":"cleaner-cif-cream-original-250-ml","status":"publish","type":"product","link":"https:\/\/rosmary.eu\/ro\/produkt\/cleaner-cif-cream-original-250-ml\/","title":{"rendered":"Cleaner Cif Cream &#8211; Original, 250 ml."},"content":{"rendered":"<p>Cif Cream &#8211; Original este o crem\u0103 de cur\u0103\u021bare conceput\u0103 pentru a \u00eendep\u0103rta chiar \u0219i cea mai \u00eenc\u0103p\u0103\u021b\u00e2nat\u0103 murd\u0103rie de pe ustensilele \u0219i suprafe\u021bele de buc\u0103t\u0103rie. Preparatul con\u021bine \u00een\u0103lbitor, care asigur\u0103 o \u00eendep\u0103rtare excelent\u0103 a murd\u0103riei.<\/p>\n","protected":false},"excerpt":{"rendered":"<p>Cif Cream &#8211; Original este o crem\u0103 de cur\u0103\u021bare conceput\u0103 pentru a \u00eendep\u0103rta chiar \u0219i cea mai \u00eenc\u0103p\u0103\u021b\u00e2nat\u0103 murd\u0103rie de<\/p>\n","protected":false},"featured_media":23419,"comment_status":"closed","ping_status":"closed","template":"","meta":[],"product_brand":[],"product_cat":[517,460],"product_tag":[],"class_list":{"0":"post-24498","1":"product","2":"type-product","3":"status-publish","4":"has-post-thumbnail","6":"product_cat-preparate-abrazive","7":"product_cat-promotii","9":"first","10":"instock","11":"sale","12":"purchasable","13":"product-type-simple"},"_links":{"self":[{"href":"https:\/\/rosmary.eu\/ro\/wp-json\/wp\/v2\/product\/24498","targetHints":{"allow":["GET"]}}],"collection":[{"href":"https:\/\/rosmary.eu\/ro\/wp-json\/wp\/v2\/product"}],"about":[{"href":"https:\/\/rosmary.eu\/ro\/wp-json\/wp\/v2\/types\/product"}],"replies":[{"embeddable":true,"href":"https:\/\/rosmary.eu\/ro\/wp-json\/wp\/v2\/comments?post=24498"}],"version-history":[{"count":0,"href":"https:\/\/rosmary.eu\/ro\/wp-json\/wp\/v2\/product\/24498\/revisions"}],"wp:featuredmedia":[{"embeddable":true,"href":"https:\/\/rosmary.eu\/ro\/wp-json\/wp\/v2\/media\/23419"}],"wp:attachment":[{"href":"https:\/\/rosmary.eu\/ro\/wp-json\/wp\/v2\/media?parent=24498"}],"wp:term":[{"taxonomy":"product_brand","embeddable":true,"href":"https:\/\/rosmary.eu\/ro\/wp-json\/wp\/v2\/product_brand?post=24498"},{"taxonomy":"product_cat","embeddable":true,"href":"https:\/\/rosmary.eu\/ro\/wp-json\/wp\/v2\/product_cat?post=24498"},{"taxonomy":"product_tag","embeddable":true,"href":"https:\/\/rosmary.eu\/ro\/wp-json\/wp\/v2\/product_tag?post=24498"}],"curies":[{"name":"wp","href":"https:\/\/api.w.org\/{rel}","templated":true}]}}