{"id":24492,"date":"2023-06-22T12:54:50","date_gmt":"2023-06-22T12:54:50","guid":{"rendered":"https:\/\/rosmary.eu\/produkt\/detergent-pentru-vase-blazy-profetional-cool-mint-400-ml\/"},"modified":"2023-06-22T12:54:50","modified_gmt":"2023-06-22T12:54:50","slug":"detergent-pentru-vase-blazy-profetional-cool-mint-400-ml","status":"publish","type":"product","link":"https:\/\/rosmary.eu\/ro\/produkt\/detergent-pentru-vase-blazy-profetional-cool-mint-400-ml\/","title":{"rendered":"Detergent pentru vase Blazy Profe\u021bional &#8211; Cool Mint, 400 ml"},"content":{"rendered":"<p>Detergentul pentru vase Blazy Profecional garanteaz\u0103 cur\u0103\u021barea profesional\u0103 chiar \u0219i a celor mai murdare vase. New Blazy \u00eendep\u0103rteaz\u0103 gr\u0103simea, ofer\u0103 o cur\u0103\u021bare str\u0103lucitoare \u0219i un parfum de lung\u0103 durat\u0103 pentru vase.<\/p>\n","protected":false},"excerpt":{"rendered":"<p>Detergentul pentru vase Blazy Profecional garanteaz\u0103 cur\u0103\u021barea profesional\u0103 chiar \u0219i a celor mai murdare vase. New Blazy \u00eendep\u0103rteaz\u0103 gr\u0103simea, ofer\u0103<\/p>\n","protected":false},"featured_media":23413,"comment_status":"closed","ping_status":"closed","template":"","meta":[],"product_brand":[],"product_cat":[515],"product_tag":[],"class_list":{"0":"post-24492","1":"product","2":"type-product","3":"status-publish","4":"has-post-thumbnail","6":"product_cat-detergent-de-vase","8":"first","9":"instock","10":"purchasable","11":"product-type-simple"},"_links":{"self":[{"href":"https:\/\/rosmary.eu\/ro\/wp-json\/wp\/v2\/product\/24492","targetHints":{"allow":["GET"]}}],"collection":[{"href":"https:\/\/rosmary.eu\/ro\/wp-json\/wp\/v2\/product"}],"about":[{"href":"https:\/\/rosmary.eu\/ro\/wp-json\/wp\/v2\/types\/product"}],"replies":[{"embeddable":true,"href":"https:\/\/rosmary.eu\/ro\/wp-json\/wp\/v2\/comments?post=24492"}],"version-history":[{"count":0,"href":"https:\/\/rosmary.eu\/ro\/wp-json\/wp\/v2\/product\/24492\/revisions"}],"wp:featuredmedia":[{"embeddable":true,"href":"https:\/\/rosmary.eu\/ro\/wp-json\/wp\/v2\/media\/23413"}],"wp:attachment":[{"href":"https:\/\/rosmary.eu\/ro\/wp-json\/wp\/v2\/media?parent=24492"}],"wp:term":[{"taxonomy":"product_brand","embeddable":true,"href":"https:\/\/rosmary.eu\/ro\/wp-json\/wp\/v2\/product_brand?post=24492"},{"taxonomy":"product_cat","embeddable":true,"href":"https:\/\/rosmary.eu\/ro\/wp-json\/wp\/v2\/product_cat?post=24492"},{"taxonomy":"product_tag","embeddable":true,"href":"https:\/\/rosmary.eu\/ro\/wp-json\/wp\/v2\/product_tag?post=24492"}],"curies":[{"name":"wp","href":"https:\/\/api.w.org\/{rel}","templated":true}]}}