{"id":24484,"date":"2023-06-22T12:54:43","date_gmt":"2023-06-22T12:54:43","guid":{"rendered":"https:\/\/rosmary.eu\/produkt\/detergent-de-vase-echo-expert-apple-mint-400-ml\/"},"modified":"2023-06-22T12:54:43","modified_gmt":"2023-06-22T12:54:43","slug":"detergent-de-vase-echo-expert-apple-mint-400-ml","status":"publish","type":"product","link":"https:\/\/rosmary.eu\/ro\/produkt\/detergent-de-vase-echo-expert-apple-mint-400-ml\/","title":{"rendered":"Detergent de vase Echo Expert Apple &amp; Mint, 400 ml"},"content":{"rendered":"<p>Echo Expert Dishwashing Detergent este un detergent de sp\u0103lat vase eficient, formulat cu o \u00eengrijire delicat\u0103 a m\u00e2inilor \u0219i un parfum proasp\u0103t de ocean. Cu formula sa puternic\u0103 special dezvoltat\u0103 \u0219i spuma bogat\u0103 de lung\u0103 durat\u0103, noua gam\u0103 Exo Expert se ocup\u0103 rapid \u0219i u\u0219or chiar \u0219i de cele mai murdare vase, \u00eendep\u0103rteaz\u0103 rapid \u0219i u\u0219or chiar \u0219i cele mai persistente pete \u0219i gr\u0103simi. Secretul lui Exo const\u0103 \u00een combina\u021bia unic\u0103 de agen\u021bi tensioactivi care asigur\u0103 o sp\u0103lare de calitate superioar\u0103.<\/p>\n","protected":false},"excerpt":{"rendered":"<p>Echo Expert Dishwashing Detergent este un detergent de sp\u0103lat vase eficient, formulat cu o \u00eengrijire delicat\u0103 a m\u00e2inilor \u0219i un<\/p>\n","protected":false},"featured_media":23439,"comment_status":"closed","ping_status":"open","template":"","meta":[],"product_brand":[],"product_cat":[515],"product_tag":[],"class_list":{"0":"post-24484","1":"product","2":"type-product","3":"status-publish","4":"has-post-thumbnail","6":"product_cat-detergent-de-vase","8":"first","9":"instock","10":"purchasable","11":"product-type-simple"},"_links":{"self":[{"href":"https:\/\/rosmary.eu\/ro\/wp-json\/wp\/v2\/product\/24484","targetHints":{"allow":["GET"]}}],"collection":[{"href":"https:\/\/rosmary.eu\/ro\/wp-json\/wp\/v2\/product"}],"about":[{"href":"https:\/\/rosmary.eu\/ro\/wp-json\/wp\/v2\/types\/product"}],"replies":[{"embeddable":true,"href":"https:\/\/rosmary.eu\/ro\/wp-json\/wp\/v2\/comments?post=24484"}],"version-history":[{"count":0,"href":"https:\/\/rosmary.eu\/ro\/wp-json\/wp\/v2\/product\/24484\/revisions"}],"wp:featuredmedia":[{"embeddable":true,"href":"https:\/\/rosmary.eu\/ro\/wp-json\/wp\/v2\/media\/23439"}],"wp:attachment":[{"href":"https:\/\/rosmary.eu\/ro\/wp-json\/wp\/v2\/media?parent=24484"}],"wp:term":[{"taxonomy":"product_brand","embeddable":true,"href":"https:\/\/rosmary.eu\/ro\/wp-json\/wp\/v2\/product_brand?post=24484"},{"taxonomy":"product_cat","embeddable":true,"href":"https:\/\/rosmary.eu\/ro\/wp-json\/wp\/v2\/product_cat?post=24484"},{"taxonomy":"product_tag","embeddable":true,"href":"https:\/\/rosmary.eu\/ro\/wp-json\/wp\/v2\/product_tag?post=24484"}],"curies":[{"name":"wp","href":"https:\/\/api.w.org\/{rel}","templated":true}]}}