{"id":24474,"date":"2023-06-22T12:54:58","date_gmt":"2023-06-22T12:54:58","guid":{"rendered":"https:\/\/rosmary.eu\/produkt\/sampon-nivea-repair-targeted-care-250-ml\/"},"modified":"2023-06-22T12:54:58","modified_gmt":"2023-06-22T12:54:58","slug":"sampon-nivea-repair-targeted-care-250-ml","status":"publish","type":"product","link":"https:\/\/rosmary.eu\/ro\/produkt\/sampon-nivea-repair-targeted-care-250-ml\/","title":{"rendered":"\u0218ampon Nivea &#8211; Repair &amp; Targeted Care, 250 ml"},"content":{"rendered":"<p>Nivea Repair &amp; Targeted Care Shampoo este un \u0219ampon special formulat pentru p\u0103rul deteriorat \u0219i tratat, care hr\u0103ne\u0219te \u00een profunzime \u0219i \u00eent\u0103re\u0219te structura p\u0103rului. Formula \u0219amponului include tehnologia inovatoare Kera Detect \u0219i Nutri-Essences, o combina\u021bie de ulei pre\u021bios de macadamia \u0219i Eucerit care \u00eent\u0103re\u0219te p\u0103rul din interior \u0219i \u00eei reface suprafa\u021ba, hr\u0103nind \u0219i recunosc\u00e2nd zonele de p\u0103r deteriorate. \u0218amponul Nivea are o ac\u021biune de sp\u0103lare bl\u00e2nd\u0103 care protejeaz\u0103 p\u0103rul de deteriorare. Dup\u0103 utilizarea produsului, p\u0103rul este hidratat \u0219i \u00eent\u0103rit de la r\u0103d\u0103cin\u0103 p\u00e2n\u0103 la v\u00e2rfuri.<\/p>\n","protected":false},"excerpt":{"rendered":"<p>Nivea Repair &amp; Targeted Care Shampoo este un \u0219ampon special formulat pentru p\u0103rul deteriorat \u0219i tratat, care hr\u0103ne\u0219te \u00een profunzime<\/p>\n","protected":false},"featured_media":23474,"comment_status":"closed","ping_status":"closed","template":"","meta":[],"product_brand":[],"product_cat":[505],"product_tag":[],"class_list":{"0":"post-24474","1":"product","2":"type-product","3":"status-publish","4":"has-post-thumbnail","6":"product_cat-sampoane-pentru-par","8":"first","9":"instock","10":"purchasable","11":"product-type-simple"},"_links":{"self":[{"href":"https:\/\/rosmary.eu\/ro\/wp-json\/wp\/v2\/product\/24474","targetHints":{"allow":["GET"]}}],"collection":[{"href":"https:\/\/rosmary.eu\/ro\/wp-json\/wp\/v2\/product"}],"about":[{"href":"https:\/\/rosmary.eu\/ro\/wp-json\/wp\/v2\/types\/product"}],"replies":[{"embeddable":true,"href":"https:\/\/rosmary.eu\/ro\/wp-json\/wp\/v2\/comments?post=24474"}],"version-history":[{"count":0,"href":"https:\/\/rosmary.eu\/ro\/wp-json\/wp\/v2\/product\/24474\/revisions"}],"wp:featuredmedia":[{"embeddable":true,"href":"https:\/\/rosmary.eu\/ro\/wp-json\/wp\/v2\/media\/23474"}],"wp:attachment":[{"href":"https:\/\/rosmary.eu\/ro\/wp-json\/wp\/v2\/media?parent=24474"}],"wp:term":[{"taxonomy":"product_brand","embeddable":true,"href":"https:\/\/rosmary.eu\/ro\/wp-json\/wp\/v2\/product_brand?post=24474"},{"taxonomy":"product_cat","embeddable":true,"href":"https:\/\/rosmary.eu\/ro\/wp-json\/wp\/v2\/product_cat?post=24474"},{"taxonomy":"product_tag","embeddable":true,"href":"https:\/\/rosmary.eu\/ro\/wp-json\/wp\/v2\/product_tag?post=24474"}],"curies":[{"name":"wp","href":"https:\/\/api.w.org\/{rel}","templated":true}]}}