{"id":24466,"date":"2023-06-22T12:55:08","date_gmt":"2023-06-22T12:55:08","guid":{"rendered":"https:\/\/rosmary.eu\/produkt\/masca-de-par-procare-pentru-par-uscat-deteriorat-si-tratat-500-ml\/"},"modified":"2023-06-22T12:55:08","modified_gmt":"2023-06-22T12:55:08","slug":"masca-de-par-procare-pentru-par-uscat-deteriorat-si-tratat-500-ml","status":"publish","type":"product","link":"https:\/\/rosmary.eu\/ro\/produkt\/masca-de-par-procare-pentru-par-uscat-deteriorat-si-tratat-500-ml\/","title":{"rendered":"Masc\u0103 de p\u0103r ProCare &#8211; pentru p\u0103r uscat, deteriorat \u0219i tratat, 500 ml"},"content":{"rendered":"<p>9Masca cu ulei de migdale reface perfect p\u0103rul care a fost tratat \u0219i deteriorat prin vopsire, uscare \u0219i ondulare. Hr\u0103ne\u0219te p\u0103rul \u00een profunzime. Regenereaz\u0103, condi\u021bioneaz\u0103 \u0219i confer\u0103 str\u0103lucire datorit\u0103 balsamului cu silicon \u0219i uleiului de migdale. Keratina hidrolizat\u0103 ad\u0103ugat\u0103 p\u0103trunde ad\u00e2nc \u00een firul de p\u0103r \u0219i previne v\u00e2rfurile despicate, \u00een timp ce vitamina B3 promoveaz\u0103 cre\u0219terea s\u0103n\u0103toas\u0103 a p\u0103rului. Cu o utilizare regulat\u0103, \u00ee\u0219i recap\u0103t\u0103 moliciunea, volumul \u0219i vitalitatea natural\u0103.<\/p>\n","protected":false},"excerpt":{"rendered":"<p>9Masca cu ulei de migdale reface perfect p\u0103rul care a fost tratat \u0219i deteriorat prin vopsire, uscare \u0219i ondulare. Hr\u0103ne\u0219te<\/p>\n","protected":false},"featured_media":23484,"comment_status":"closed","ping_status":"closed","template":"","meta":[],"product_brand":[],"product_cat":[608,607],"product_tag":[],"class_list":{"0":"post-24466","1":"product","2":"type-product","3":"status-publish","4":"has-post-thumbnail","6":"product_cat-produse-cosmetice","7":"product_cat-femei-ro","9":"first","10":"instock","11":"purchasable","12":"product-type-simple"},"_links":{"self":[{"href":"https:\/\/rosmary.eu\/ro\/wp-json\/wp\/v2\/product\/24466","targetHints":{"allow":["GET"]}}],"collection":[{"href":"https:\/\/rosmary.eu\/ro\/wp-json\/wp\/v2\/product"}],"about":[{"href":"https:\/\/rosmary.eu\/ro\/wp-json\/wp\/v2\/types\/product"}],"replies":[{"embeddable":true,"href":"https:\/\/rosmary.eu\/ro\/wp-json\/wp\/v2\/comments?post=24466"}],"version-history":[{"count":0,"href":"https:\/\/rosmary.eu\/ro\/wp-json\/wp\/v2\/product\/24466\/revisions"}],"wp:featuredmedia":[{"embeddable":true,"href":"https:\/\/rosmary.eu\/ro\/wp-json\/wp\/v2\/media\/23484"}],"wp:attachment":[{"href":"https:\/\/rosmary.eu\/ro\/wp-json\/wp\/v2\/media?parent=24466"}],"wp:term":[{"taxonomy":"product_brand","embeddable":true,"href":"https:\/\/rosmary.eu\/ro\/wp-json\/wp\/v2\/product_brand?post=24466"},{"taxonomy":"product_cat","embeddable":true,"href":"https:\/\/rosmary.eu\/ro\/wp-json\/wp\/v2\/product_cat?post=24466"},{"taxonomy":"product_tag","embeddable":true,"href":"https:\/\/rosmary.eu\/ro\/wp-json\/wp\/v2\/product_tag?post=24466"}],"curies":[{"name":"wp","href":"https:\/\/api.w.org\/{rel}","templated":true}]}}