{"id":24462,"date":"2023-06-22T12:55:08","date_gmt":"2023-06-22T12:55:08","guid":{"rendered":"https:\/\/rosmary.eu\/produkt\/masca-de-par-procare-pentru-parul-vopsit-500-ml\/"},"modified":"2023-06-22T12:55:08","modified_gmt":"2023-06-22T12:55:08","slug":"masca-de-par-procare-pentru-parul-vopsit-500-ml","status":"publish","type":"product","link":"https:\/\/rosmary.eu\/ro\/produkt\/masca-de-par-procare-pentru-parul-vopsit-500-ml\/","title":{"rendered":"Masc\u0103 de p\u0103r ProCare pentru p\u0103rul vopsit, 500 ml"},"content":{"rendered":"<p>5Masca hr\u0103nitoare \u0219i regeneratoare pentru p\u0103rul vopsit cu ulei de Jojoba \u0219i ingrediente speciale asigur\u0103 o mai mare longevitate a culorii prin crearea unui strat protector care con\u021bine un silicon special \u0219i un filtru UV. Are un efect puternic de condi\u021bionare \u0219i ajut\u0103 la descurcarea nodurilor. \u00cen acela\u0219i timp, confer\u0103 p\u0103rului un aspect frumos \u0219i s\u0103n\u0103tos, moliciune \u0219i volum.<\/p>\n","protected":false},"excerpt":{"rendered":"<p>5Masca hr\u0103nitoare \u0219i regeneratoare pentru p\u0103rul vopsit cu ulei de Jojoba \u0219i ingrediente speciale asigur\u0103 o mai mare longevitate a<\/p>\n","protected":false},"featured_media":23482,"comment_status":"closed","ping_status":"closed","template":"","meta":[],"product_brand":[],"product_cat":[608,607],"product_tag":[],"class_list":{"0":"post-24462","1":"product","2":"type-product","3":"status-publish","4":"has-post-thumbnail","6":"product_cat-produse-cosmetice","7":"product_cat-femei-ro","9":"first","10":"instock","11":"purchasable","12":"product-type-simple"},"_links":{"self":[{"href":"https:\/\/rosmary.eu\/ro\/wp-json\/wp\/v2\/product\/24462","targetHints":{"allow":["GET"]}}],"collection":[{"href":"https:\/\/rosmary.eu\/ro\/wp-json\/wp\/v2\/product"}],"about":[{"href":"https:\/\/rosmary.eu\/ro\/wp-json\/wp\/v2\/types\/product"}],"replies":[{"embeddable":true,"href":"https:\/\/rosmary.eu\/ro\/wp-json\/wp\/v2\/comments?post=24462"}],"version-history":[{"count":0,"href":"https:\/\/rosmary.eu\/ro\/wp-json\/wp\/v2\/product\/24462\/revisions"}],"wp:featuredmedia":[{"embeddable":true,"href":"https:\/\/rosmary.eu\/ro\/wp-json\/wp\/v2\/media\/23482"}],"wp:attachment":[{"href":"https:\/\/rosmary.eu\/ro\/wp-json\/wp\/v2\/media?parent=24462"}],"wp:term":[{"taxonomy":"product_brand","embeddable":true,"href":"https:\/\/rosmary.eu\/ro\/wp-json\/wp\/v2\/product_brand?post=24462"},{"taxonomy":"product_cat","embeddable":true,"href":"https:\/\/rosmary.eu\/ro\/wp-json\/wp\/v2\/product_cat?post=24462"},{"taxonomy":"product_tag","embeddable":true,"href":"https:\/\/rosmary.eu\/ro\/wp-json\/wp\/v2\/product_tag?post=24462"}],"curies":[{"name":"wp","href":"https:\/\/api.w.org\/{rel}","templated":true}]}}