{"id":24455,"date":"2023-06-22T12:54:58","date_gmt":"2023-06-22T12:54:58","guid":{"rendered":"https:\/\/rosmary.eu\/produkt\/sampon-teo-nature-2in1-egg-350-ml\/"},"modified":"2023-06-22T12:54:58","modified_gmt":"2023-06-22T12:54:58","slug":"sampon-teo-nature-2in1-egg-350-ml","status":"publish","type":"product","link":"https:\/\/rosmary.eu\/ro\/produkt\/sampon-teo-nature-2in1-egg-350-ml\/","title":{"rendered":"\u0218ampon Teo Nature &#8211; 2in1 Egg, 350 ml"},"content":{"rendered":"<p>\u0218amponul \u0219i balsamul Teo Nature 2 \u00een 1 Egg Shampoo &amp; Conditioner este un \u0219ampon \u0219i balsam 2 \u00een 1 pentru p\u0103rul uscat \u0219i deteriorat, \u00eembog\u0103\u021bit cu g\u0103lbenu\u0219 de ou \u0219i ulei de m\u0103sline. Extractul de g\u0103lbenu\u0219 de ou ofer\u0103 nutrien\u021bi valoro\u0219i pentru p\u0103r &#8211; proteine, vitamine \u0219i minerale care \u00eel ajut\u0103 s\u0103 creasc\u0103 puternic \u0219i s\u0103n\u0103tos. \u00cen plus, uleiul de m\u0103sline hr\u0103ne\u0219te p\u0103rul \u00een profunzime, \u00eel hidrateaz\u0103 de la r\u0103d\u0103cin\u0103 p\u00e2n\u0103 la v\u00e2rfuri \u0219i \u00eei confer\u0103 str\u0103lucire. Formula \u0219amponului nu con\u021bine parabeni \u0219i parafin\u0103.<\/p>\n","protected":false},"excerpt":{"rendered":"<p>\u0218amponul \u0219i balsamul Teo Nature 2 \u00een 1 Egg Shampoo &amp; Conditioner este un \u0219ampon \u0219i balsam 2 \u00een 1<\/p>\n","protected":false},"featured_media":23397,"comment_status":"closed","ping_status":"closed","template":"","meta":[],"product_brand":[],"product_cat":[505],"product_tag":[],"class_list":{"0":"post-24455","1":"product","2":"type-product","3":"status-publish","4":"has-post-thumbnail","6":"product_cat-sampoane-pentru-par","8":"first","9":"instock","10":"purchasable","11":"product-type-simple"},"_links":{"self":[{"href":"https:\/\/rosmary.eu\/ro\/wp-json\/wp\/v2\/product\/24455","targetHints":{"allow":["GET"]}}],"collection":[{"href":"https:\/\/rosmary.eu\/ro\/wp-json\/wp\/v2\/product"}],"about":[{"href":"https:\/\/rosmary.eu\/ro\/wp-json\/wp\/v2\/types\/product"}],"replies":[{"embeddable":true,"href":"https:\/\/rosmary.eu\/ro\/wp-json\/wp\/v2\/comments?post=24455"}],"version-history":[{"count":0,"href":"https:\/\/rosmary.eu\/ro\/wp-json\/wp\/v2\/product\/24455\/revisions"}],"wp:featuredmedia":[{"embeddable":true,"href":"https:\/\/rosmary.eu\/ro\/wp-json\/wp\/v2\/media\/23397"}],"wp:attachment":[{"href":"https:\/\/rosmary.eu\/ro\/wp-json\/wp\/v2\/media?parent=24455"}],"wp:term":[{"taxonomy":"product_brand","embeddable":true,"href":"https:\/\/rosmary.eu\/ro\/wp-json\/wp\/v2\/product_brand?post=24455"},{"taxonomy":"product_cat","embeddable":true,"href":"https:\/\/rosmary.eu\/ro\/wp-json\/wp\/v2\/product_cat?post=24455"},{"taxonomy":"product_tag","embeddable":true,"href":"https:\/\/rosmary.eu\/ro\/wp-json\/wp\/v2\/product_tag?post=24455"}],"curies":[{"name":"wp","href":"https:\/\/api.w.org\/{rel}","templated":true}]}}