{"id":24454,"date":"2023-06-22T12:55:08","date_gmt":"2023-06-22T12:55:08","guid":{"rendered":"https:\/\/rosmary.eu\/produkt\/ulei-de-corp-bocco-migdale-si-calendula-150-ml\/"},"modified":"2023-06-22T12:55:08","modified_gmt":"2023-06-22T12:55:08","slug":"ulei-de-corp-bocco-migdale-si-calendula-150-ml","status":"publish","type":"product","link":"https:\/\/rosmary.eu\/ro\/produkt\/ulei-de-corp-bocco-migdale-si-calendula-150-ml\/","title":{"rendered":"Ulei de corp Bocco &#8211; Migdale \u0219i Calendula, 150 ml"},"content":{"rendered":"<p>Uleiul de corp Bocko Baby Body Oil este formulat pentru un masaj bl\u00e2nd \u0219i lini\u0219titor pentru bebelu\u0219i, cu uleiuri naturale de migdale dulci, m\u0103sline \u0219i floarea-soarelui, care ajut\u0103 la o aplicare u\u0219oar\u0103 \u0219i o absorb\u021bie rapid\u0103, hr\u0103nind \u0219i condi\u021bion\u00e2nd pielea delicat\u0103 a bebelu\u0219ului. Extractul de calendula are un efect calmant \u0219i reparator. Ideal pentru utilizare dup\u0103 baie. Protejeaz\u0103 pielea de usc\u0103ciune.<\/p>\n","protected":false},"excerpt":{"rendered":"<p>Uleiul de corp Bocko Baby Body Oil este formulat pentru un masaj bl\u00e2nd \u0219i lini\u0219titor pentru bebelu\u0219i, cu uleiuri naturale<\/p>\n","protected":false},"featured_media":23415,"comment_status":"closed","ping_status":"closed","template":"","meta":[],"product_brand":[],"product_cat":[608,604],"product_tag":[],"class_list":{"0":"post-24454","1":"product","2":"type-product","3":"status-publish","4":"has-post-thumbnail","6":"product_cat-produse-cosmetice","7":"product_cat-copii","9":"first","10":"instock","11":"purchasable","12":"product-type-simple"},"_links":{"self":[{"href":"https:\/\/rosmary.eu\/ro\/wp-json\/wp\/v2\/product\/24454","targetHints":{"allow":["GET"]}}],"collection":[{"href":"https:\/\/rosmary.eu\/ro\/wp-json\/wp\/v2\/product"}],"about":[{"href":"https:\/\/rosmary.eu\/ro\/wp-json\/wp\/v2\/types\/product"}],"replies":[{"embeddable":true,"href":"https:\/\/rosmary.eu\/ro\/wp-json\/wp\/v2\/comments?post=24454"}],"version-history":[{"count":0,"href":"https:\/\/rosmary.eu\/ro\/wp-json\/wp\/v2\/product\/24454\/revisions"}],"wp:featuredmedia":[{"embeddable":true,"href":"https:\/\/rosmary.eu\/ro\/wp-json\/wp\/v2\/media\/23415"}],"wp:attachment":[{"href":"https:\/\/rosmary.eu\/ro\/wp-json\/wp\/v2\/media?parent=24454"}],"wp:term":[{"taxonomy":"product_brand","embeddable":true,"href":"https:\/\/rosmary.eu\/ro\/wp-json\/wp\/v2\/product_brand?post=24454"},{"taxonomy":"product_cat","embeddable":true,"href":"https:\/\/rosmary.eu\/ro\/wp-json\/wp\/v2\/product_cat?post=24454"},{"taxonomy":"product_tag","embeddable":true,"href":"https:\/\/rosmary.eu\/ro\/wp-json\/wp\/v2\/product_tag?post=24454"}],"curies":[{"name":"wp","href":"https:\/\/api.w.org\/{rel}","templated":true}]}}