{"id":24441,"date":"2023-06-22T12:55:08","date_gmt":"2023-06-22T12:55:08","guid":{"rendered":"https:\/\/rosmary.eu\/produkt\/lapte-de-toaleta-evterpa-castravete-180-ml\/"},"modified":"2023-06-22T12:55:08","modified_gmt":"2023-06-22T12:55:08","slug":"lapte-de-toaleta-evterpa-castravete-180-ml","status":"publish","type":"product","link":"https:\/\/rosmary.eu\/ro\/produkt\/lapte-de-toaleta-evterpa-castravete-180-ml\/","title":{"rendered":"Lapte de toalet\u0103 Evterpa &#8211; Castravete, 180 ml"},"content":{"rendered":"<p>Laptele de toalet\u0103 cu castravete Euterpa albe\u0219te subtil \u0219i hidrateaz\u0103 \u00een profunzime pielea fe\u021bei. Emolien\u021bii bl\u00e2nzi \u00eel protejeaz\u0103 de influen\u021bele mediului, contracareaz\u0103 toate ridurile \u0219i \u00eel protejeaz\u0103 de \u00eemb\u0103tr\u00e2nire.<\/p>\n","protected":false},"excerpt":{"rendered":"<p>Laptele de toalet\u0103 cu castravete Euterpa albe\u0219te subtil \u0219i hidrateaz\u0103 \u00een profunzime pielea fe\u021bei. Emolien\u021bii bl\u00e2nzi \u00eel protejeaz\u0103 de influen\u021bele<\/p>\n","protected":false},"featured_media":23438,"comment_status":"closed","ping_status":"closed","template":"","meta":[],"product_brand":[],"product_cat":[511,460],"product_tag":[],"class_list":{"0":"post-24441","1":"product","2":"type-product","3":"status-publish","4":"has-post-thumbnail","6":"product_cat-ingrijirea-fetei","7":"product_cat-promotii","9":"first","10":"instock","11":"sale","12":"purchasable","13":"product-type-simple"},"_links":{"self":[{"href":"https:\/\/rosmary.eu\/ro\/wp-json\/wp\/v2\/product\/24441","targetHints":{"allow":["GET"]}}],"collection":[{"href":"https:\/\/rosmary.eu\/ro\/wp-json\/wp\/v2\/product"}],"about":[{"href":"https:\/\/rosmary.eu\/ro\/wp-json\/wp\/v2\/types\/product"}],"replies":[{"embeddable":true,"href":"https:\/\/rosmary.eu\/ro\/wp-json\/wp\/v2\/comments?post=24441"}],"version-history":[{"count":0,"href":"https:\/\/rosmary.eu\/ro\/wp-json\/wp\/v2\/product\/24441\/revisions"}],"wp:featuredmedia":[{"embeddable":true,"href":"https:\/\/rosmary.eu\/ro\/wp-json\/wp\/v2\/media\/23438"}],"wp:attachment":[{"href":"https:\/\/rosmary.eu\/ro\/wp-json\/wp\/v2\/media?parent=24441"}],"wp:term":[{"taxonomy":"product_brand","embeddable":true,"href":"https:\/\/rosmary.eu\/ro\/wp-json\/wp\/v2\/product_brand?post=24441"},{"taxonomy":"product_cat","embeddable":true,"href":"https:\/\/rosmary.eu\/ro\/wp-json\/wp\/v2\/product_cat?post=24441"},{"taxonomy":"product_tag","embeddable":true,"href":"https:\/\/rosmary.eu\/ro\/wp-json\/wp\/v2\/product_tag?post=24441"}],"curies":[{"name":"wp","href":"https:\/\/api.w.org\/{rel}","templated":true}]}}