{"id":24436,"date":"2023-06-22T12:55:16","date_gmt":"2023-06-22T12:55:16","guid":{"rendered":"https:\/\/rosmary.eu\/produkt\/gel-de-par-studio-professionali-fixare-ferma-500-ml\/"},"modified":"2023-06-22T12:55:16","modified_gmt":"2023-06-22T12:55:16","slug":"gel-de-par-studio-professionali-fixare-ferma-500-ml","status":"publish","type":"product","link":"https:\/\/rosmary.eu\/ro\/produkt\/gel-de-par-studio-professionali-fixare-ferma-500-ml\/","title":{"rendered":"Gel de p\u0103r Studio Professionali &#8211; fixare ferm\u0103, 500 ml"},"content":{"rendered":"<p>Cu gelul de p\u0103r de la Studio Professionali pute\u021bi s\u0103 v\u0103 modela\u021bi \u0219i s\u0103 v\u0103 fixa\u021bi cu u\u0219urin\u021b\u0103 coafura dorit\u0103. Formula sa este \u00eembog\u0103\u021bit\u0103 cu pantenol \u0219i vitamina E, care hr\u0103nesc p\u0103rul. Gelul are o fixare puternic\u0103. Potrivit pentru coafarea \u00eentregii coafuri sau a unor \u0219uvi\u021be individuale.<\/p>\n","protected":false},"excerpt":{"rendered":"<p>Cu gelul de p\u0103r de la Studio Professionali pute\u021bi s\u0103 v\u0103 modela\u021bi \u0219i s\u0103 v\u0103 fixa\u021bi cu u\u0219urin\u021b\u0103 coafura dorit\u0103.<\/p>\n","protected":false},"featured_media":23456,"comment_status":"closed","ping_status":"closed","template":"","meta":[],"product_brand":[],"product_cat":[608,607],"product_tag":[],"class_list":{"0":"post-24436","1":"product","2":"type-product","3":"status-publish","4":"has-post-thumbnail","6":"product_cat-produse-cosmetice","7":"product_cat-femei-ro","9":"first","10":"instock","11":"purchasable","12":"product-type-simple"},"_links":{"self":[{"href":"https:\/\/rosmary.eu\/ro\/wp-json\/wp\/v2\/product\/24436","targetHints":{"allow":["GET"]}}],"collection":[{"href":"https:\/\/rosmary.eu\/ro\/wp-json\/wp\/v2\/product"}],"about":[{"href":"https:\/\/rosmary.eu\/ro\/wp-json\/wp\/v2\/types\/product"}],"replies":[{"embeddable":true,"href":"https:\/\/rosmary.eu\/ro\/wp-json\/wp\/v2\/comments?post=24436"}],"version-history":[{"count":0,"href":"https:\/\/rosmary.eu\/ro\/wp-json\/wp\/v2\/product\/24436\/revisions"}],"wp:featuredmedia":[{"embeddable":true,"href":"https:\/\/rosmary.eu\/ro\/wp-json\/wp\/v2\/media\/23456"}],"wp:attachment":[{"href":"https:\/\/rosmary.eu\/ro\/wp-json\/wp\/v2\/media?parent=24436"}],"wp:term":[{"taxonomy":"product_brand","embeddable":true,"href":"https:\/\/rosmary.eu\/ro\/wp-json\/wp\/v2\/product_brand?post=24436"},{"taxonomy":"product_cat","embeddable":true,"href":"https:\/\/rosmary.eu\/ro\/wp-json\/wp\/v2\/product_cat?post=24436"},{"taxonomy":"product_tag","embeddable":true,"href":"https:\/\/rosmary.eu\/ro\/wp-json\/wp\/v2\/product_tag?post=24436"}],"curies":[{"name":"wp","href":"https:\/\/api.w.org\/{rel}","templated":true}]}}