{"id":24424,"date":"2023-06-22T12:55:08","date_gmt":"2023-06-22T12:55:08","guid":{"rendered":"https:\/\/rosmary.eu\/produkt\/sampon-dove-colour-care-vibrancy-250-ml\/"},"modified":"2023-06-22T12:55:08","modified_gmt":"2023-06-22T12:55:08","slug":"sampon-dove-colour-care-vibrancy-250-ml","status":"publish","type":"product","link":"https:\/\/rosmary.eu\/ro\/produkt\/sampon-dove-colour-care-vibrancy-250-ml\/","title":{"rendered":"\u0218ampon Dove &#8211; Colour Care Vibrancy, 250 ml"},"content":{"rendered":"<p>\u0218amponul Dove hidrateaz\u0103 \u0219i hr\u0103ne\u0219te p\u0103rul. Potrivit pentru utilizarea zilnic\u0103 pe p\u0103rul vopsit.<\/p>\n","protected":false},"excerpt":{"rendered":"<p>\u0218amponul Dove hidrateaz\u0103 \u0219i hr\u0103ne\u0219te p\u0103rul. Potrivit pentru utilizarea zilnic\u0103 pe p\u0103rul vopsit.<\/p>\n","protected":false},"featured_media":23430,"comment_status":"closed","ping_status":"closed","template":"","meta":[],"product_brand":[],"product_cat":[505],"product_tag":[],"class_list":{"0":"post-24424","1":"product","2":"type-product","3":"status-publish","4":"has-post-thumbnail","6":"product_cat-sampoane-pentru-par","8":"first","9":"instock","10":"purchasable","11":"product-type-simple"},"_links":{"self":[{"href":"https:\/\/rosmary.eu\/ro\/wp-json\/wp\/v2\/product\/24424","targetHints":{"allow":["GET"]}}],"collection":[{"href":"https:\/\/rosmary.eu\/ro\/wp-json\/wp\/v2\/product"}],"about":[{"href":"https:\/\/rosmary.eu\/ro\/wp-json\/wp\/v2\/types\/product"}],"replies":[{"embeddable":true,"href":"https:\/\/rosmary.eu\/ro\/wp-json\/wp\/v2\/comments?post=24424"}],"version-history":[{"count":0,"href":"https:\/\/rosmary.eu\/ro\/wp-json\/wp\/v2\/product\/24424\/revisions"}],"wp:featuredmedia":[{"embeddable":true,"href":"https:\/\/rosmary.eu\/ro\/wp-json\/wp\/v2\/media\/23430"}],"wp:attachment":[{"href":"https:\/\/rosmary.eu\/ro\/wp-json\/wp\/v2\/media?parent=24424"}],"wp:term":[{"taxonomy":"product_brand","embeddable":true,"href":"https:\/\/rosmary.eu\/ro\/wp-json\/wp\/v2\/product_brand?post=24424"},{"taxonomy":"product_cat","embeddable":true,"href":"https:\/\/rosmary.eu\/ro\/wp-json\/wp\/v2\/product_cat?post=24424"},{"taxonomy":"product_tag","embeddable":true,"href":"https:\/\/rosmary.eu\/ro\/wp-json\/wp\/v2\/product_tag?post=24424"}],"curies":[{"name":"wp","href":"https:\/\/api.w.org\/{rel}","templated":true}]}}