{"id":24418,"date":"2023-06-26T12:53:08","date_gmt":"2023-06-26T12:53:08","guid":{"rendered":"https:\/\/rosmary.eu\/produkt\/casa-minunata-set-de-lenjerie-de-pat-dublu-6-bucati-230x250-roz-pe-flori\/"},"modified":"2023-06-26T12:53:08","modified_gmt":"2023-06-26T12:53:08","slug":"casa-minunata-set-de-lenjerie-de-pat-dublu-6-bucati-230x250-roz-pe-flori","status":"publish","type":"product","link":"https:\/\/rosmary.eu\/ro\/produkt\/casa-minunata-set-de-lenjerie-de-pat-dublu-6-bucati-230x250-roz-pe-flori\/","title":{"rendered":"Casa Minunata &#8211; set de lenjerie de pat dublu, 6 buc\u0103\u021bi, 230&#215;250 roz pe flori"},"content":{"rendered":"<p>Bumbacul Ranfors este un material fin derivat din bumbac 100%, prelucrat \u00eentr-un anumit mod care face ca \u021bes\u0103tura s\u0103 fie moale, elastic\u0103, dar \u00een acela\u0219i timp rezistent\u0103, at\u00e2t de rezistent\u0103 \u00eenc\u00e2t lenjeria de pat rezultat\u0103 va fi ca nou\u0103 pentru o perioad\u0103 lung\u0103 de timp. Deoarece este confec\u021bionat din bumbac, permite pielii s\u0103 respire, chiar \u0219i \u00een nop\u021bile c\u0103lduroase.<br \/>\n&#8211; Cear\u0219af cu volan 230\/250 cm<br \/>\n&#8211; Acoper\u0103 200\/230 cm<br \/>\n&#8211; Acoper\u0103: 2&#215;70\/70 cm \u0219i 2&#215;55\/80 cm<br \/>\n&#8211; Pe partea din spate a cear\u0219afului, \u00een partea de sus, \u00een col\u021buri, exist\u0103 2 elastice pentru o mai bun\u0103 fixare pe saltea.<br \/>\n&#8211; Val\u021burile sunt plasate \u00een partea de sus a laturilor foii.<br \/>\n&#8211; Fe\u021bele de pern\u0103 au o clapet\u0103.<br \/>\n&#8211; Metoda de ambalare &#8211; cutie de plastic cu m\u00e2nere (ideal\u0103 pentru cadou).<br \/>\nAvantajele unei lenjerii de pat fine:<br \/>\n&#8211; confort sporit<br \/>\n&#8211; re\u021bine c\u0103ldura, permi\u021b\u00e2nd \u00een acela\u0219i timp pielii s\u0103 respire<br \/>\n&#8211; tesatura foarte moale<br \/>\n&#8211; rezisten\u021b\u0103 \u00eendelungat\u0103 \u00een timp<br \/>\n&#8211; u\u0219or de \u00eentre\u021binut<br \/>\nImprimeurile de pe fe\u021bele de pern\u0103 pot fi orice parte a imprimeului de pe plapum\u0103, \u00een func\u021bie de modul \u00een care materialul este t\u0103iat \u00een procesul de cusut.<br \/>\nInstruc\u021biuni de \u00eentre\u021binere :<br \/>\n&#8211; nu se folosesc \u00een\u0103lbitori chimici<br \/>\n&#8211; sp\u0103lare automat\u0103 la 40\u00b0C<br \/>\n&#8211; c\u0103lcare la maximum 130\u00b0C<br \/>\n&#8211; se spal\u0103 \u00eenainte de prima utilizare<br \/>\nLivrare: p\u00e2n\u0103 la 6 zile lucr\u0103toare; Produc\u0103tor: Rom\u00e2nia<\/p>\n","protected":false},"excerpt":{"rendered":"<p>Bumbacul Ranfors este un material fin derivat din bumbac 100%, prelucrat \u00eentr-un anumit mod care face ca \u021bes\u0103tura s\u0103 fie<\/p>\n","protected":false},"featured_media":23539,"comment_status":"closed","ping_status":"closed","template":"","meta":[],"product_brand":[],"product_cat":[503,460],"product_tag":[],"class_list":{"0":"post-24418","1":"product","2":"type-product","3":"status-publish","4":"has-post-thumbnail","6":"product_cat-dublu-compacteaza-6-parti","7":"product_cat-promotii","9":"first","10":"instock","11":"sale","12":"purchasable","13":"product-type-simple"},"_links":{"self":[{"href":"https:\/\/rosmary.eu\/ro\/wp-json\/wp\/v2\/product\/24418","targetHints":{"allow":["GET"]}}],"collection":[{"href":"https:\/\/rosmary.eu\/ro\/wp-json\/wp\/v2\/product"}],"about":[{"href":"https:\/\/rosmary.eu\/ro\/wp-json\/wp\/v2\/types\/product"}],"replies":[{"embeddable":true,"href":"https:\/\/rosmary.eu\/ro\/wp-json\/wp\/v2\/comments?post=24418"}],"version-history":[{"count":0,"href":"https:\/\/rosmary.eu\/ro\/wp-json\/wp\/v2\/product\/24418\/revisions"}],"wp:featuredmedia":[{"embeddable":true,"href":"https:\/\/rosmary.eu\/ro\/wp-json\/wp\/v2\/media\/23539"}],"wp:attachment":[{"href":"https:\/\/rosmary.eu\/ro\/wp-json\/wp\/v2\/media?parent=24418"}],"wp:term":[{"taxonomy":"product_brand","embeddable":true,"href":"https:\/\/rosmary.eu\/ro\/wp-json\/wp\/v2\/product_brand?post=24418"},{"taxonomy":"product_cat","embeddable":true,"href":"https:\/\/rosmary.eu\/ro\/wp-json\/wp\/v2\/product_cat?post=24418"},{"taxonomy":"product_tag","embeddable":true,"href":"https:\/\/rosmary.eu\/ro\/wp-json\/wp\/v2\/product_tag?post=24418"}],"curies":[{"name":"wp","href":"https:\/\/api.w.org\/{rel}","templated":true}]}}