{"id":24408,"date":"2023-06-26T12:52:59","date_gmt":"2023-06-26T12:52:59","guid":{"rendered":"https:\/\/rosmary.eu\/produkt\/casa-minunata-set-de-cearceafuri-cu-elastic-si-2-fete-de-perna-3-bucati-pat-dublu-180x200-cm-albastru-petrol-cu-flori\/"},"modified":"2023-06-26T12:52:59","modified_gmt":"2023-06-26T12:52:59","slug":"casa-minunata-set-de-cearceafuri-cu-elastic-si-2-fete-de-perna-3-bucati-pat-dublu-180x200-cm-albastru-petrol-cu-flori","status":"publish","type":"product","link":"https:\/\/rosmary.eu\/ro\/produkt\/casa-minunata-set-de-cearceafuri-cu-elastic-si-2-fete-de-perna-3-bucati-pat-dublu-180x200-cm-albastru-petrol-cu-flori\/","title":{"rendered":"Casa Minunata &#8211; set de cearceafuri cu elastic \u0219i 2 fe\u021be de pern\u0103, 3 buc\u0103\u021bi, pat dublu, 180&#215;200 cm, albastru petrol cu flori"},"content":{"rendered":"<p>Un cearceaf cu elastic 180\/200 \u0219i dou\u0103 fe\u021be de pern\u0103 50\/70. Fabricat din bumbac satinat de cea mai \u00eenalt\u0103 calitate &#8211; micro-satin.<br \/>\n\u00centre\u021binere: pentru a p\u0103stra culorile \u0219i \u021bes\u0103tura, sp\u0103la\u021bi la temperaturi de p\u00e2n\u0103 la 40 de grade.<br \/>\nLivrare: p\u00e2n\u0103 la 6 zile lucr\u0103toare; Produc\u0103tor: Rom\u00e2nia<\/p>\n","protected":false},"excerpt":{"rendered":"<p>Un cearceaf cu elastic 180\/200 \u0219i dou\u0103 fe\u021be de pern\u0103 50\/70. Fabricat din bumbac satinat de cea mai \u00eenalt\u0103 calitate<\/p>\n","protected":false},"featured_media":23519,"comment_status":"closed","ping_status":"closed","template":"","meta":[],"product_brand":[],"product_cat":[504],"product_tag":[],"class_list":{"0":"post-24408","1":"product","2":"type-product","3":"status-publish","4":"has-post-thumbnail","6":"product_cat-set-de-3-piese","8":"first","9":"instock","10":"purchasable","11":"product-type-simple"},"_links":{"self":[{"href":"https:\/\/rosmary.eu\/ro\/wp-json\/wp\/v2\/product\/24408","targetHints":{"allow":["GET"]}}],"collection":[{"href":"https:\/\/rosmary.eu\/ro\/wp-json\/wp\/v2\/product"}],"about":[{"href":"https:\/\/rosmary.eu\/ro\/wp-json\/wp\/v2\/types\/product"}],"replies":[{"embeddable":true,"href":"https:\/\/rosmary.eu\/ro\/wp-json\/wp\/v2\/comments?post=24408"}],"version-history":[{"count":0,"href":"https:\/\/rosmary.eu\/ro\/wp-json\/wp\/v2\/product\/24408\/revisions"}],"wp:featuredmedia":[{"embeddable":true,"href":"https:\/\/rosmary.eu\/ro\/wp-json\/wp\/v2\/media\/23519"}],"wp:attachment":[{"href":"https:\/\/rosmary.eu\/ro\/wp-json\/wp\/v2\/media?parent=24408"}],"wp:term":[{"taxonomy":"product_brand","embeddable":true,"href":"https:\/\/rosmary.eu\/ro\/wp-json\/wp\/v2\/product_brand?post=24408"},{"taxonomy":"product_cat","embeddable":true,"href":"https:\/\/rosmary.eu\/ro\/wp-json\/wp\/v2\/product_cat?post=24408"},{"taxonomy":"product_tag","embeddable":true,"href":"https:\/\/rosmary.eu\/ro\/wp-json\/wp\/v2\/product_tag?post=24408"}],"curies":[{"name":"wp","href":"https:\/\/api.w.org\/{rel}","templated":true}]}}