{"id":24340,"date":"2023-06-26T12:53:34","date_gmt":"2023-06-26T12:53:34","guid":{"rendered":"https:\/\/rosmary.eu\/produkt\/casa-minunata-set-de-fata-de-plapuma-si-fata-de-perna-3-piese-230x250-alb-cu-bufnite\/"},"modified":"2023-06-26T12:53:34","modified_gmt":"2023-06-26T12:53:34","slug":"casa-minunata-set-de-fata-de-plapuma-si-fata-de-perna-3-piese-230x250-alb-cu-bufnite","status":"publish","type":"product","link":"https:\/\/rosmary.eu\/ro\/produkt\/casa-minunata-set-de-fata-de-plapuma-si-fata-de-perna-3-piese-230x250-alb-cu-bufnite\/","title":{"rendered":"Casa Minunata &#8211; set de fa\u021b\u0103 de plapum\u0103 \u0219i fa\u021b\u0103 de pern\u0103, 3 piese, 230&#215;250, alb cu bufni\u021be"},"content":{"rendered":"<p>Tesatura &#8211; 100% bumbac<br \/>\nDimensiune plapuma &#8211; 230\/250 cm<br \/>\nDimensiunea fe\u021belor de pern\u0103 &#8211; 2 buc\u0103\u021bi 60\/80 cm<br \/>\nLivrare: p\u00e2n\u0103 la 6 zile lucr\u0103toare; Produc\u0103tor: Rom\u00e2nia<\/p>\n","protected":false},"excerpt":{"rendered":"<p>Tesatura &#8211; 100% bumbac Dimensiune plapuma &#8211; 230\/250 cm Dimensiunea fe\u021belor de pern\u0103 &#8211; 2 buc\u0103\u021bi 60\/80 cm Livrare: p\u00e2n\u0103<\/p>\n","protected":false},"featured_media":23713,"comment_status":"closed","ping_status":"closed","template":"","meta":[],"product_brand":[],"product_cat":[501,460],"product_tag":[],"class_list":{"0":"post-24340","1":"product","2":"type-product","3":"status-publish","4":"has-post-thumbnail","6":"product_cat-set-de-plapuma","7":"product_cat-promotii","9":"first","10":"instock","11":"sale","12":"purchasable","13":"product-type-simple"},"_links":{"self":[{"href":"https:\/\/rosmary.eu\/ro\/wp-json\/wp\/v2\/product\/24340","targetHints":{"allow":["GET"]}}],"collection":[{"href":"https:\/\/rosmary.eu\/ro\/wp-json\/wp\/v2\/product"}],"about":[{"href":"https:\/\/rosmary.eu\/ro\/wp-json\/wp\/v2\/types\/product"}],"replies":[{"embeddable":true,"href":"https:\/\/rosmary.eu\/ro\/wp-json\/wp\/v2\/comments?post=24340"}],"version-history":[{"count":0,"href":"https:\/\/rosmary.eu\/ro\/wp-json\/wp\/v2\/product\/24340\/revisions"}],"wp:featuredmedia":[{"embeddable":true,"href":"https:\/\/rosmary.eu\/ro\/wp-json\/wp\/v2\/media\/23713"}],"wp:attachment":[{"href":"https:\/\/rosmary.eu\/ro\/wp-json\/wp\/v2\/media?parent=24340"}],"wp:term":[{"taxonomy":"product_brand","embeddable":true,"href":"https:\/\/rosmary.eu\/ro\/wp-json\/wp\/v2\/product_brand?post=24340"},{"taxonomy":"product_cat","embeddable":true,"href":"https:\/\/rosmary.eu\/ro\/wp-json\/wp\/v2\/product_cat?post=24340"},{"taxonomy":"product_tag","embeddable":true,"href":"https:\/\/rosmary.eu\/ro\/wp-json\/wp\/v2\/product_tag?post=24340"}],"curies":[{"name":"wp","href":"https:\/\/api.w.org\/{rel}","templated":true}]}}