{"id":24318,"date":"2023-06-26T12:53:34","date_gmt":"2023-06-26T12:53:34","guid":{"rendered":"https:\/\/rosmary.eu\/produkt\/casa-minunata-cuvertura-din-5-piese-230x250-alb-cu-inimioare-negre\/"},"modified":"2023-06-26T12:53:34","modified_gmt":"2023-06-26T12:53:34","slug":"casa-minunata-cuvertura-din-5-piese-230x250-alb-cu-inimioare-negre","status":"publish","type":"product","link":"https:\/\/rosmary.eu\/ro\/produkt\/casa-minunata-cuvertura-din-5-piese-230x250-alb-cu-inimioare-negre\/","title":{"rendered":"Casa Minunata &#8211; cuvertur\u0103 din 5 piese, 230&#215;250, alb cu inimioare negre"},"content":{"rendered":"<p>Dimensiunea capacului &#8211; 230\/250 x 1 buc.<br \/>\nCaz &#8211; 60\/80 x 2 buc.<br \/>\nCaz &#8211; 55\/55 x 2 buc.<br \/>\nLivrare: p\u00e2n\u0103 la 6 zile lucr\u0103toare; Produc\u0103tor: Rom\u00e2nia<\/p>\n","protected":false},"excerpt":{"rendered":"<p>Dimensiunea capacului &#8211; 230\/250 x 1 buc. Caz &#8211; 60\/80 x 2 buc. Caz &#8211; 55\/55 x 2 buc. Livrare:<\/p>\n","protected":false},"featured_media":23590,"comment_status":"closed","ping_status":"closed","template":"","meta":[],"product_brand":[],"product_cat":[502,460],"product_tag":[],"class_list":{"0":"post-24318","1":"product","2":"type-product","3":"status-publish","4":"has-post-thumbnail","6":"product_cat-acoperire-in-5-parti","7":"product_cat-promotii","9":"first","10":"instock","11":"sale","12":"purchasable","13":"product-type-simple"},"_links":{"self":[{"href":"https:\/\/rosmary.eu\/ro\/wp-json\/wp\/v2\/product\/24318","targetHints":{"allow":["GET"]}}],"collection":[{"href":"https:\/\/rosmary.eu\/ro\/wp-json\/wp\/v2\/product"}],"about":[{"href":"https:\/\/rosmary.eu\/ro\/wp-json\/wp\/v2\/types\/product"}],"replies":[{"embeddable":true,"href":"https:\/\/rosmary.eu\/ro\/wp-json\/wp\/v2\/comments?post=24318"}],"version-history":[{"count":0,"href":"https:\/\/rosmary.eu\/ro\/wp-json\/wp\/v2\/product\/24318\/revisions"}],"wp:featuredmedia":[{"embeddable":true,"href":"https:\/\/rosmary.eu\/ro\/wp-json\/wp\/v2\/media\/23590"}],"wp:attachment":[{"href":"https:\/\/rosmary.eu\/ro\/wp-json\/wp\/v2\/media?parent=24318"}],"wp:term":[{"taxonomy":"product_brand","embeddable":true,"href":"https:\/\/rosmary.eu\/ro\/wp-json\/wp\/v2\/product_brand?post=24318"},{"taxonomy":"product_cat","embeddable":true,"href":"https:\/\/rosmary.eu\/ro\/wp-json\/wp\/v2\/product_cat?post=24318"},{"taxonomy":"product_tag","embeddable":true,"href":"https:\/\/rosmary.eu\/ro\/wp-json\/wp\/v2\/product_tag?post=24318"}],"curies":[{"name":"wp","href":"https:\/\/api.w.org\/{rel}","templated":true}]}}