{"id":24306,"date":"2023-06-26T12:53:50","date_gmt":"2023-06-26T12:53:50","guid":{"rendered":"https:\/\/rosmary.eu\/produkt\/casa-minunata-patura-cocolino-200x230-cm-pe-flori-mov\/"},"modified":"2023-06-26T12:53:50","modified_gmt":"2023-06-26T12:53:50","slug":"casa-minunata-patura-cocolino-200x230-cm-pe-flori-mov","status":"publish","type":"product","link":"https:\/\/rosmary.eu\/ro\/produkt\/casa-minunata-patura-cocolino-200x230-cm-pe-flori-mov\/","title":{"rendered":"Casa Minunata &#8211; p\u0103tur\u0103 Cocolino, 200&#215;230 cm, pe flori mov"},"content":{"rendered":"<p>P\u0103tura Cocolino este pufoas\u0103 \u0219i potrivit\u0103 pentru orice sear\u0103 r\u0103coroas\u0103. C\u00e2nt\u0103rind \u00een jur de 700-800 de grame, este u\u0219or \u0219i confortabil. Dimensiuni pentru pat dublu &#8211; 200&#215;230 cm. Livrare: p\u00e2n\u0103 la 6 zile lucr\u0103toare Produc\u0103tor.<\/p>\n","protected":false},"excerpt":{"rendered":"<p>P\u0103tura Cocolino este pufoas\u0103 \u0219i potrivit\u0103 pentru orice sear\u0103 r\u0103coroas\u0103. C\u00e2nt\u0103rind \u00een jur de 700-800 de grame, este u\u0219or \u0219i<\/p>\n","protected":false},"featured_media":23620,"comment_status":"closed","ping_status":"closed","template":"","meta":[],"product_brand":[],"product_cat":[497,460],"product_tag":[],"class_list":{"0":"post-24306","1":"product","2":"type-product","3":"status-publish","4":"has-post-thumbnail","6":"product_cat-paturi","7":"product_cat-promotii","9":"first","10":"instock","11":"sale","12":"purchasable","13":"product-type-simple"},"_links":{"self":[{"href":"https:\/\/rosmary.eu\/ro\/wp-json\/wp\/v2\/product\/24306","targetHints":{"allow":["GET"]}}],"collection":[{"href":"https:\/\/rosmary.eu\/ro\/wp-json\/wp\/v2\/product"}],"about":[{"href":"https:\/\/rosmary.eu\/ro\/wp-json\/wp\/v2\/types\/product"}],"replies":[{"embeddable":true,"href":"https:\/\/rosmary.eu\/ro\/wp-json\/wp\/v2\/comments?post=24306"}],"version-history":[{"count":0,"href":"https:\/\/rosmary.eu\/ro\/wp-json\/wp\/v2\/product\/24306\/revisions"}],"wp:featuredmedia":[{"embeddable":true,"href":"https:\/\/rosmary.eu\/ro\/wp-json\/wp\/v2\/media\/23620"}],"wp:attachment":[{"href":"https:\/\/rosmary.eu\/ro\/wp-json\/wp\/v2\/media?parent=24306"}],"wp:term":[{"taxonomy":"product_brand","embeddable":true,"href":"https:\/\/rosmary.eu\/ro\/wp-json\/wp\/v2\/product_brand?post=24306"},{"taxonomy":"product_cat","embeddable":true,"href":"https:\/\/rosmary.eu\/ro\/wp-json\/wp\/v2\/product_cat?post=24306"},{"taxonomy":"product_tag","embeddable":true,"href":"https:\/\/rosmary.eu\/ro\/wp-json\/wp\/v2\/product_tag?post=24306"}],"curies":[{"name":"wp","href":"https:\/\/api.w.org\/{rel}","templated":true}]}}