{"id":24280,"date":"2024-01-08T11:01:48","date_gmt":"2024-01-08T11:01:48","guid":{"rendered":"https:\/\/rosmary.eu\/produkt\/gioma-active-sport-eau-de-toilette-95ml\/"},"modified":"2024-01-08T11:01:48","modified_gmt":"2024-01-08T11:01:48","slug":"gioma-active-sport-eau-de-toilette-95ml","status":"publish","type":"product","link":"https:\/\/rosmary.eu\/ro\/produkt\/gioma-active-sport-eau-de-toilette-95ml\/","title":{"rendered":"Gioma Active Sport Eau de Toilette, 95ml"},"content":{"rendered":"<p style=\"text-align: center;\">Ap\u0103 de toalet\u0103 pentru b\u0103rba\u021bi Gioma Active Sport<\/p>\n","protected":false},"excerpt":{"rendered":"<p>Ap\u0103 de toalet\u0103 pentru b\u0103rba\u021bi Gioma Active Sport<\/p>\n","protected":false},"featured_media":32633,"comment_status":"closed","ping_status":"closed","template":"","meta":[],"product_brand":[],"product_cat":[608,603,551],"product_tag":[],"class_list":{"0":"post-24280","1":"product","2":"type-product","3":"status-publish","4":"has-post-thumbnail","6":"product_cat-produse-cosmetice","7":"product_cat-masculin-ro","8":"product_cat-parfumuri-ro","10":"first","11":"instock","12":"taxable","13":"shipping-taxable","14":"purchasable","15":"product-type-simple"},"_links":{"self":[{"href":"https:\/\/rosmary.eu\/ro\/wp-json\/wp\/v2\/product\/24280","targetHints":{"allow":["GET"]}}],"collection":[{"href":"https:\/\/rosmary.eu\/ro\/wp-json\/wp\/v2\/product"}],"about":[{"href":"https:\/\/rosmary.eu\/ro\/wp-json\/wp\/v2\/types\/product"}],"replies":[{"embeddable":true,"href":"https:\/\/rosmary.eu\/ro\/wp-json\/wp\/v2\/comments?post=24280"}],"version-history":[{"count":0,"href":"https:\/\/rosmary.eu\/ro\/wp-json\/wp\/v2\/product\/24280\/revisions"}],"wp:featuredmedia":[{"embeddable":true,"href":"https:\/\/rosmary.eu\/ro\/wp-json\/wp\/v2\/media\/32633"}],"wp:attachment":[{"href":"https:\/\/rosmary.eu\/ro\/wp-json\/wp\/v2\/media?parent=24280"}],"wp:term":[{"taxonomy":"product_brand","embeddable":true,"href":"https:\/\/rosmary.eu\/ro\/wp-json\/wp\/v2\/product_brand?post=24280"},{"taxonomy":"product_cat","embeddable":true,"href":"https:\/\/rosmary.eu\/ro\/wp-json\/wp\/v2\/product_cat?post=24280"},{"taxonomy":"product_tag","embeddable":true,"href":"https:\/\/rosmary.eu\/ro\/wp-json\/wp\/v2\/product_tag?post=24280"}],"curies":[{"name":"wp","href":"https:\/\/api.w.org\/{rel}","templated":true}]}}