{"id":24270,"date":"2023-06-26T12:53:50","date_gmt":"2023-06-26T12:53:50","guid":{"rendered":"https:\/\/rosmary.eu\/produkt\/casa-minunata-set-de-lenjerie-de-pat-din-6-piese-cu-elastic-180x200-ecru-pe-flori\/"},"modified":"2023-06-26T12:53:50","modified_gmt":"2023-06-26T12:53:50","slug":"casa-minunata-set-de-lenjerie-de-pat-din-6-piese-cu-elastic-180x200-ecru-pe-flori","status":"publish","type":"product","link":"https:\/\/rosmary.eu\/ro\/produkt\/casa-minunata-set-de-lenjerie-de-pat-din-6-piese-cu-elastic-180x200-ecru-pe-flori\/","title":{"rendered":"Casa Minunata &#8211; Set de lenjerie de pat din 6 piese cu elastic, 180&#215;200, ecru pe flori"},"content":{"rendered":"<p>100% bumbac Ranford<br \/>\n&#8211; Foaie de jos cu elastic 180x200x25 &#8211; 1 buc.<br \/>\n&#8211; Plic superior 200&#215;230 &#8211; 1 buc.<br \/>\n&#8211; Fa\u021b\u0103 de pern\u0103 55&#215;80 &#8211; 2 buc.<br \/>\n&#8211; Fa\u021b\u0103 de pern\u0103 70&#215;70 &#8211; 2 buc.<br \/>\nLivrare: p\u00e2n\u0103 la 6 zile lucr\u0103toare; Produc\u0103tor: Rom\u00e2nia<\/p>\n","protected":false},"excerpt":{"rendered":"<p>100% bumbac Ranford &#8211; Foaie de jos cu elastic 180x200x25 &#8211; 1 buc. &#8211; Plic superior 200&#215;230 &#8211; 1 buc.<\/p>\n","protected":false},"featured_media":23610,"comment_status":"closed","ping_status":"closed","template":"","meta":[],"product_brand":[],"product_cat":[500,460],"product_tag":[],"class_list":{"0":"post-24270","1":"product","2":"type-product","3":"status-publish","4":"has-post-thumbnail","6":"product_cat-set-de-6-bucati-cu-elastic","7":"product_cat-promotii","9":"first","10":"instock","11":"sale","12":"purchasable","13":"product-type-simple"},"_links":{"self":[{"href":"https:\/\/rosmary.eu\/ro\/wp-json\/wp\/v2\/product\/24270","targetHints":{"allow":["GET"]}}],"collection":[{"href":"https:\/\/rosmary.eu\/ro\/wp-json\/wp\/v2\/product"}],"about":[{"href":"https:\/\/rosmary.eu\/ro\/wp-json\/wp\/v2\/types\/product"}],"replies":[{"embeddable":true,"href":"https:\/\/rosmary.eu\/ro\/wp-json\/wp\/v2\/comments?post=24270"}],"version-history":[{"count":0,"href":"https:\/\/rosmary.eu\/ro\/wp-json\/wp\/v2\/product\/24270\/revisions"}],"wp:featuredmedia":[{"embeddable":true,"href":"https:\/\/rosmary.eu\/ro\/wp-json\/wp\/v2\/media\/23610"}],"wp:attachment":[{"href":"https:\/\/rosmary.eu\/ro\/wp-json\/wp\/v2\/media?parent=24270"}],"wp:term":[{"taxonomy":"product_brand","embeddable":true,"href":"https:\/\/rosmary.eu\/ro\/wp-json\/wp\/v2\/product_brand?post=24270"},{"taxonomy":"product_cat","embeddable":true,"href":"https:\/\/rosmary.eu\/ro\/wp-json\/wp\/v2\/product_cat?post=24270"},{"taxonomy":"product_tag","embeddable":true,"href":"https:\/\/rosmary.eu\/ro\/wp-json\/wp\/v2\/product_tag?post=24270"}],"curies":[{"name":"wp","href":"https:\/\/api.w.org\/{rel}","templated":true}]}}