{"id":24262,"date":"2023-07-13T06:35:41","date_gmt":"2023-07-13T03:35:41","guid":{"rendered":"https:\/\/rosmary.eu\/produkt\/sapun-lichid-mystic-rose-supreme-500-ml-pompa\/"},"modified":"2023-07-13T06:35:41","modified_gmt":"2023-07-13T06:35:41","slug":"sapun-lichid-mystic-rose-supreme-500-ml-pompa","status":"publish","type":"product","link":"https:\/\/rosmary.eu\/ro\/produkt\/sapun-lichid-mystic-rose-supreme-500-ml-pompa\/","title":{"rendered":"S\u0103pun lichid Mystic &#8211; Rose Supreme, 500 ml, pomp\u0103"},"content":{"rendered":"<p>S\u0103pun lichid Mystic &#8211; Rose Supreme, 500 ml, pomp\u0103<\/p>\n","protected":false},"excerpt":{"rendered":"<p>S\u0103pun lichid Mystic &#8211; Rose Supreme, 500 ml, pomp\u0103<\/p>\n","protected":false},"featured_media":23813,"comment_status":"closed","ping_status":"closed","template":"","meta":[],"product_brand":[],"product_cat":[670,471],"product_tag":[],"class_list":{"0":"post-24262","1":"product","2":"type-product","3":"status-publish","4":"has-post-thumbnail","6":"product_cat-articoli-casnice","7":"product_cat-sapunuri-lichide","9":"first","10":"instock","11":"purchasable","12":"product-type-simple"},"_links":{"self":[{"href":"https:\/\/rosmary.eu\/ro\/wp-json\/wp\/v2\/product\/24262","targetHints":{"allow":["GET"]}}],"collection":[{"href":"https:\/\/rosmary.eu\/ro\/wp-json\/wp\/v2\/product"}],"about":[{"href":"https:\/\/rosmary.eu\/ro\/wp-json\/wp\/v2\/types\/product"}],"replies":[{"embeddable":true,"href":"https:\/\/rosmary.eu\/ro\/wp-json\/wp\/v2\/comments?post=24262"}],"version-history":[{"count":0,"href":"https:\/\/rosmary.eu\/ro\/wp-json\/wp\/v2\/product\/24262\/revisions"}],"wp:featuredmedia":[{"embeddable":true,"href":"https:\/\/rosmary.eu\/ro\/wp-json\/wp\/v2\/media\/23813"}],"wp:attachment":[{"href":"https:\/\/rosmary.eu\/ro\/wp-json\/wp\/v2\/media?parent=24262"}],"wp:term":[{"taxonomy":"product_brand","embeddable":true,"href":"https:\/\/rosmary.eu\/ro\/wp-json\/wp\/v2\/product_brand?post=24262"},{"taxonomy":"product_cat","embeddable":true,"href":"https:\/\/rosmary.eu\/ro\/wp-json\/wp\/v2\/product_cat?post=24262"},{"taxonomy":"product_tag","embeddable":true,"href":"https:\/\/rosmary.eu\/ro\/wp-json\/wp\/v2\/product_tag?post=24262"}],"curies":[{"name":"wp","href":"https:\/\/api.w.org\/{rel}","templated":true}]}}