{"id":24233,"date":"2023-06-26T12:54:19","date_gmt":"2023-06-26T12:54:19","guid":{"rendered":"https:\/\/rosmary.eu\/produkt\/casa-minunata-in-2-parti-230x250-alb-cu-flori-burgunde\/"},"modified":"2023-06-26T12:54:19","modified_gmt":"2023-06-26T12:54:19","slug":"casa-minunata-in-2-parti-230x250-alb-cu-flori-burgunde","status":"publish","type":"product","link":"https:\/\/rosmary.eu\/ro\/produkt\/casa-minunata-in-2-parti-230x250-alb-cu-flori-burgunde\/","title":{"rendered":"Casa Minunata &#8211; \u00een 2 p\u0103r\u021bi, 230&#215;250, alb cu flori burgunde"},"content":{"rendered":"<p>100% bumbac<br \/>\nDimensiuni &#8211; 230\/250 x 1 buc.<br \/>\nCaz &#8211; 60\/80 x 2 buc.<br \/>\nLivrare: p\u00e2n\u0103 la 6 zile lucr\u0103toare<br \/>\nProduc\u0103tor:Rom\u00e2nia<\/p>\n","protected":false},"excerpt":{"rendered":"<p>100% bumbac Dimensiuni &#8211; 230\/250 x 1 buc. Caz &#8211; 60\/80 x 2 buc. Livrare: p\u00e2n\u0103 la 6 zile lucr\u0103toare<\/p>\n","protected":false},"featured_media":23681,"comment_status":"closed","ping_status":"closed","template":"","meta":[],"product_brand":[],"product_cat":[494,460],"product_tag":[],"class_list":{"0":"post-24233","1":"product","2":"type-product","3":"status-publish","4":"has-post-thumbnail","6":"product_cat-cuverturi-cu-3-parti-cu-doua-fete","7":"product_cat-promotii","9":"first","10":"instock","11":"sale","12":"purchasable","13":"product-type-simple"},"_links":{"self":[{"href":"https:\/\/rosmary.eu\/ro\/wp-json\/wp\/v2\/product\/24233","targetHints":{"allow":["GET"]}}],"collection":[{"href":"https:\/\/rosmary.eu\/ro\/wp-json\/wp\/v2\/product"}],"about":[{"href":"https:\/\/rosmary.eu\/ro\/wp-json\/wp\/v2\/types\/product"}],"replies":[{"embeddable":true,"href":"https:\/\/rosmary.eu\/ro\/wp-json\/wp\/v2\/comments?post=24233"}],"version-history":[{"count":0,"href":"https:\/\/rosmary.eu\/ro\/wp-json\/wp\/v2\/product\/24233\/revisions"}],"wp:featuredmedia":[{"embeddable":true,"href":"https:\/\/rosmary.eu\/ro\/wp-json\/wp\/v2\/media\/23681"}],"wp:attachment":[{"href":"https:\/\/rosmary.eu\/ro\/wp-json\/wp\/v2\/media?parent=24233"}],"wp:term":[{"taxonomy":"product_brand","embeddable":true,"href":"https:\/\/rosmary.eu\/ro\/wp-json\/wp\/v2\/product_brand?post=24233"},{"taxonomy":"product_cat","embeddable":true,"href":"https:\/\/rosmary.eu\/ro\/wp-json\/wp\/v2\/product_cat?post=24233"},{"taxonomy":"product_tag","embeddable":true,"href":"https:\/\/rosmary.eu\/ro\/wp-json\/wp\/v2\/product_tag?post=24233"}],"curies":[{"name":"wp","href":"https:\/\/api.w.org\/{rel}","templated":true}]}}