{"id":24219,"date":"2023-06-26T12:54:19","date_gmt":"2023-06-26T12:54:19","guid":{"rendered":"https:\/\/rosmary.eu\/produkt\/casa-minunata-cuvertura-in-3-parti-cu-doua-fete-230x250-alb-pe-flori\/"},"modified":"2023-06-26T12:54:19","modified_gmt":"2023-06-26T12:54:19","slug":"casa-minunata-cuvertura-in-3-parti-cu-doua-fete-230x250-alb-pe-flori","status":"publish","type":"product","link":"https:\/\/rosmary.eu\/ro\/produkt\/casa-minunata-cuvertura-in-3-parti-cu-doua-fete-230x250-alb-pe-flori\/","title":{"rendered":"Casa Minunata &#8211; cuvertur\u0103 \u00een 3 p\u0103r\u021bi cu dou\u0103 fe\u021be, 230&#215;250, alb pe flori"},"content":{"rendered":"<p>100% bumbac<br \/>\nDimensiuni &#8211; 230\/250 x 1 buc.<br \/>\nCaz &#8211; 60\/80 x 2 buc.<br \/>\nLivrare: p\u00e2n\u0103 la 6 zile lucr\u0103toare<br \/>\nProduc\u0103tor:Rom\u00e2nia<\/p>\n","protected":false},"excerpt":{"rendered":"<p>100% bumbac Dimensiuni &#8211; 230\/250 x 1 buc. Caz &#8211; 60\/80 x 2 buc. Livrare: p\u00e2n\u0103 la 6 zile lucr\u0103toare<\/p>\n","protected":false},"featured_media":23671,"comment_status":"closed","ping_status":"closed","template":"","meta":[],"product_brand":[],"product_cat":[609,494],"product_tag":[],"class_list":{"0":"post-24219","1":"product","2":"type-product","3":"status-publish","4":"has-post-thumbnail","6":"product_cat-textile-pentru-casa","7":"product_cat-cuverturi-cu-3-parti-cu-doua-fete","9":"first","10":"instock","11":"purchasable","12":"product-type-simple"},"_links":{"self":[{"href":"https:\/\/rosmary.eu\/ro\/wp-json\/wp\/v2\/product\/24219","targetHints":{"allow":["GET"]}}],"collection":[{"href":"https:\/\/rosmary.eu\/ro\/wp-json\/wp\/v2\/product"}],"about":[{"href":"https:\/\/rosmary.eu\/ro\/wp-json\/wp\/v2\/types\/product"}],"replies":[{"embeddable":true,"href":"https:\/\/rosmary.eu\/ro\/wp-json\/wp\/v2\/comments?post=24219"}],"version-history":[{"count":0,"href":"https:\/\/rosmary.eu\/ro\/wp-json\/wp\/v2\/product\/24219\/revisions"}],"wp:featuredmedia":[{"embeddable":true,"href":"https:\/\/rosmary.eu\/ro\/wp-json\/wp\/v2\/media\/23671"}],"wp:attachment":[{"href":"https:\/\/rosmary.eu\/ro\/wp-json\/wp\/v2\/media?parent=24219"}],"wp:term":[{"taxonomy":"product_brand","embeddable":true,"href":"https:\/\/rosmary.eu\/ro\/wp-json\/wp\/v2\/product_brand?post=24219"},{"taxonomy":"product_cat","embeddable":true,"href":"https:\/\/rosmary.eu\/ro\/wp-json\/wp\/v2\/product_cat?post=24219"},{"taxonomy":"product_tag","embeddable":true,"href":"https:\/\/rosmary.eu\/ro\/wp-json\/wp\/v2\/product_tag?post=24219"}],"curies":[{"name":"wp","href":"https:\/\/api.w.org\/{rel}","templated":true}]}}