{"id":24196,"date":"2023-07-13T06:35:01","date_gmt":"2023-07-13T06:35:01","guid":{"rendered":"https:\/\/rosmary.eu\/produkt\/rulouri-de-bucatarie-zebra-2-buc-triplu-strat\/"},"modified":"2023-07-13T06:35:01","modified_gmt":"2023-07-13T06:35:01","slug":"rulouri-de-bucatarie-zebra-2-buc-triplu-strat","status":"publish","type":"product","link":"https:\/\/rosmary.eu\/ro\/produkt\/rulouri-de-bucatarie-zebra-2-buc-triplu-strat\/","title":{"rendered":"Rulouri de buc\u0103t\u0103rie Zebra &#8211; 2 buc, triplu strat"},"content":{"rendered":"<p>Rulouri de buc\u0103t\u0103rie Zebra &#8211; 2 buc, triplu strat<\/p>\n","protected":false},"excerpt":{"rendered":"<p>Rulouri de buc\u0103t\u0103rie Zebra &#8211; 2 buc, triplu strat<\/p>\n","protected":false},"featured_media":23834,"comment_status":"closed","ping_status":"closed","template":"","meta":[],"product_brand":[],"product_cat":[495],"product_tag":[],"class_list":{"0":"post-24196","1":"product","2":"type-product","3":"status-publish","4":"has-post-thumbnail","6":"product_cat-rola-de-bucatarie","8":"first","9":"instock","10":"purchasable","11":"product-type-simple"},"_links":{"self":[{"href":"https:\/\/rosmary.eu\/ro\/wp-json\/wp\/v2\/product\/24196","targetHints":{"allow":["GET"]}}],"collection":[{"href":"https:\/\/rosmary.eu\/ro\/wp-json\/wp\/v2\/product"}],"about":[{"href":"https:\/\/rosmary.eu\/ro\/wp-json\/wp\/v2\/types\/product"}],"replies":[{"embeddable":true,"href":"https:\/\/rosmary.eu\/ro\/wp-json\/wp\/v2\/comments?post=24196"}],"version-history":[{"count":0,"href":"https:\/\/rosmary.eu\/ro\/wp-json\/wp\/v2\/product\/24196\/revisions"}],"wp:featuredmedia":[{"embeddable":true,"href":"https:\/\/rosmary.eu\/ro\/wp-json\/wp\/v2\/media\/23834"}],"wp:attachment":[{"href":"https:\/\/rosmary.eu\/ro\/wp-json\/wp\/v2\/media?parent=24196"}],"wp:term":[{"taxonomy":"product_brand","embeddable":true,"href":"https:\/\/rosmary.eu\/ro\/wp-json\/wp\/v2\/product_brand?post=24196"},{"taxonomy":"product_cat","embeddable":true,"href":"https:\/\/rosmary.eu\/ro\/wp-json\/wp\/v2\/product_cat?post=24196"},{"taxonomy":"product_tag","embeddable":true,"href":"https:\/\/rosmary.eu\/ro\/wp-json\/wp\/v2\/product_tag?post=24196"}],"curies":[{"name":"wp","href":"https:\/\/api.w.org\/{rel}","templated":true}]}}