{"id":24180,"date":"2023-07-13T06:35:01","date_gmt":"2023-07-13T06:35:01","guid":{"rendered":"https:\/\/rosmary.eu\/produkt\/rulou-de-bucatarie-iva-alb\/"},"modified":"2023-07-13T06:35:01","modified_gmt":"2023-07-13T06:35:01","slug":"rulou-de-bucatarie-iva-alb","status":"publish","type":"product","link":"https:\/\/rosmary.eu\/ro\/produkt\/rulou-de-bucatarie-iva-alb\/","title":{"rendered":"Rulou de buc\u0103t\u0103rie Iva &#8211; alb"},"content":{"rendered":"<p>Rulou de buc\u0103t\u0103rie Iva &#8211; alb -20%<br \/>\nH\u00e2rtie: Malaezia<br \/>\nProduc\u0103tor:Rosmari Trade Ltd.<\/p>\n","protected":false},"excerpt":{"rendered":"<p>Rulou de buc\u0103t\u0103rie Iva &#8211; alb -20% H\u00e2rtie: Malaezia Produc\u0103tor:Rosmari Trade Ltd.<\/p>\n","protected":false},"featured_media":23844,"comment_status":"closed","ping_status":"closed","template":"","meta":[],"product_brand":[],"product_cat":[495],"product_tag":[],"class_list":{"0":"post-24180","1":"product","2":"type-product","3":"status-publish","4":"has-post-thumbnail","6":"product_cat-rola-de-bucatarie","8":"first","9":"instock","10":"sale","11":"purchasable","12":"product-type-simple"},"_links":{"self":[{"href":"https:\/\/rosmary.eu\/ro\/wp-json\/wp\/v2\/product\/24180","targetHints":{"allow":["GET"]}}],"collection":[{"href":"https:\/\/rosmary.eu\/ro\/wp-json\/wp\/v2\/product"}],"about":[{"href":"https:\/\/rosmary.eu\/ro\/wp-json\/wp\/v2\/types\/product"}],"replies":[{"embeddable":true,"href":"https:\/\/rosmary.eu\/ro\/wp-json\/wp\/v2\/comments?post=24180"}],"version-history":[{"count":0,"href":"https:\/\/rosmary.eu\/ro\/wp-json\/wp\/v2\/product\/24180\/revisions"}],"wp:featuredmedia":[{"embeddable":true,"href":"https:\/\/rosmary.eu\/ro\/wp-json\/wp\/v2\/media\/23844"}],"wp:attachment":[{"href":"https:\/\/rosmary.eu\/ro\/wp-json\/wp\/v2\/media?parent=24180"}],"wp:term":[{"taxonomy":"product_brand","embeddable":true,"href":"https:\/\/rosmary.eu\/ro\/wp-json\/wp\/v2\/product_brand?post=24180"},{"taxonomy":"product_cat","embeddable":true,"href":"https:\/\/rosmary.eu\/ro\/wp-json\/wp\/v2\/product_cat?post=24180"},{"taxonomy":"product_tag","embeddable":true,"href":"https:\/\/rosmary.eu\/ro\/wp-json\/wp\/v2\/product_tag?post=24180"}],"curies":[{"name":"wp","href":"https:\/\/api.w.org\/{rel}","templated":true}]}}