{"id":24177,"date":"2023-07-13T06:35:01","date_gmt":"2023-07-13T06:35:01","guid":{"rendered":"https:\/\/rosmary.eu\/produkt\/hartie-igienica-lindy-4-role-3-straturi-comfort-mov\/"},"modified":"2023-07-13T06:35:01","modified_gmt":"2023-07-13T06:35:01","slug":"hartie-igienica-lindy-4-role-3-straturi-comfort-mov","status":"publish","type":"product","link":"https:\/\/rosmary.eu\/ro\/produkt\/hartie-igienica-lindy-4-role-3-straturi-comfort-mov\/","title":{"rendered":"H\u00e2rtie igienic\u0103 Lindy &#8211; 4 role, 3 straturi, Comfort (mov)"},"content":{"rendered":"<p>H\u00e2rtie igienic\u0103 Lindy &#8211; 4 role, 3 straturi, Comfort (mov)<\/p>\n","protected":false},"excerpt":{"rendered":"<p>H\u00e2rtie igienic\u0103 Lindy &#8211; 4 role, 3 straturi, Comfort (mov)<\/p>\n","protected":false},"featured_media":23895,"comment_status":"closed","ping_status":"closed","template":"","meta":[],"product_brand":[],"product_cat":[493],"product_tag":[],"class_list":{"0":"post-24177","1":"product","2":"type-product","3":"status-publish","4":"has-post-thumbnail","6":"product_cat-hartie-igienica","8":"first","9":"instock","10":"purchasable","11":"product-type-simple"},"_links":{"self":[{"href":"https:\/\/rosmary.eu\/ro\/wp-json\/wp\/v2\/product\/24177","targetHints":{"allow":["GET"]}}],"collection":[{"href":"https:\/\/rosmary.eu\/ro\/wp-json\/wp\/v2\/product"}],"about":[{"href":"https:\/\/rosmary.eu\/ro\/wp-json\/wp\/v2\/types\/product"}],"replies":[{"embeddable":true,"href":"https:\/\/rosmary.eu\/ro\/wp-json\/wp\/v2\/comments?post=24177"}],"version-history":[{"count":0,"href":"https:\/\/rosmary.eu\/ro\/wp-json\/wp\/v2\/product\/24177\/revisions"}],"wp:featuredmedia":[{"embeddable":true,"href":"https:\/\/rosmary.eu\/ro\/wp-json\/wp\/v2\/media\/23895"}],"wp:attachment":[{"href":"https:\/\/rosmary.eu\/ro\/wp-json\/wp\/v2\/media?parent=24177"}],"wp:term":[{"taxonomy":"product_brand","embeddable":true,"href":"https:\/\/rosmary.eu\/ro\/wp-json\/wp\/v2\/product_brand?post=24177"},{"taxonomy":"product_cat","embeddable":true,"href":"https:\/\/rosmary.eu\/ro\/wp-json\/wp\/v2\/product_cat?post=24177"},{"taxonomy":"product_tag","embeddable":true,"href":"https:\/\/rosmary.eu\/ro\/wp-json\/wp\/v2\/product_tag?post=24177"}],"curies":[{"name":"wp","href":"https:\/\/api.w.org\/{rel}","templated":true}]}}