{"id":24176,"date":"2023-07-13T06:35:01","date_gmt":"2023-07-13T03:35:01","guid":{"rendered":"https:\/\/rosmary.eu\/produkt\/rulouri-de-bucatarie-lindy-2-bucati-dublu-stratificat\/"},"modified":"2023-07-13T06:35:01","modified_gmt":"2023-07-13T06:35:01","slug":"rulouri-de-bucatarie-lindy-2-bucati-dublu-stratificat","status":"publish","type":"product","link":"https:\/\/rosmary.eu\/ro\/produkt\/rulouri-de-bucatarie-lindy-2-bucati-dublu-stratificat\/","title":{"rendered":"Rulouri de buc\u0103t\u0103rie Lindy &#8211; 2 buc\u0103\u021bi, dublu stratificat"},"content":{"rendered":"<p>Rulouri de buc\u0103t\u0103rie Lindy &#8211; 2 buc\u0103\u021bi, dublu stratificat<\/p>\n","protected":false},"excerpt":{"rendered":"<p>Rulouri de buc\u0103t\u0103rie Lindy &#8211; 2 buc\u0103\u021bi, dublu stratificat<\/p>\n","protected":false},"featured_media":23897,"comment_status":"closed","ping_status":"closed","template":"","meta":[],"product_brand":[],"product_cat":[670,495],"product_tag":[],"class_list":{"0":"post-24176","1":"product","2":"type-product","3":"status-publish","4":"has-post-thumbnail","6":"product_cat-articoli-casnice","7":"product_cat-rola-de-bucatarie","9":"first","10":"instock","11":"purchasable","12":"product-type-simple"},"_links":{"self":[{"href":"https:\/\/rosmary.eu\/ro\/wp-json\/wp\/v2\/product\/24176","targetHints":{"allow":["GET"]}}],"collection":[{"href":"https:\/\/rosmary.eu\/ro\/wp-json\/wp\/v2\/product"}],"about":[{"href":"https:\/\/rosmary.eu\/ro\/wp-json\/wp\/v2\/types\/product"}],"replies":[{"embeddable":true,"href":"https:\/\/rosmary.eu\/ro\/wp-json\/wp\/v2\/comments?post=24176"}],"version-history":[{"count":0,"href":"https:\/\/rosmary.eu\/ro\/wp-json\/wp\/v2\/product\/24176\/revisions"}],"wp:featuredmedia":[{"embeddable":true,"href":"https:\/\/rosmary.eu\/ro\/wp-json\/wp\/v2\/media\/23897"}],"wp:attachment":[{"href":"https:\/\/rosmary.eu\/ro\/wp-json\/wp\/v2\/media?parent=24176"}],"wp:term":[{"taxonomy":"product_brand","embeddable":true,"href":"https:\/\/rosmary.eu\/ro\/wp-json\/wp\/v2\/product_brand?post=24176"},{"taxonomy":"product_cat","embeddable":true,"href":"https:\/\/rosmary.eu\/ro\/wp-json\/wp\/v2\/product_cat?post=24176"},{"taxonomy":"product_tag","embeddable":true,"href":"https:\/\/rosmary.eu\/ro\/wp-json\/wp\/v2\/product_tag?post=24176"}],"curies":[{"name":"wp","href":"https:\/\/api.w.org\/{rel}","templated":true}]}}