{"id":24156,"date":"2023-07-13T06:35:28","date_gmt":"2023-07-13T06:35:28","guid":{"rendered":"https:\/\/rosmary.eu\/produkt\/detergent-pentru-curatarea-gresiei-klorex-450-ml\/"},"modified":"2023-07-13T06:35:28","modified_gmt":"2023-07-13T06:35:28","slug":"detergent-pentru-curatarea-gresiei-klorex-450-ml","status":"publish","type":"product","link":"https:\/\/rosmary.eu\/ro\/produkt\/detergent-pentru-curatarea-gresiei-klorex-450-ml\/","title":{"rendered":"Detergent pentru cur\u0103\u021barea gresiei Klorex, 450 ml"},"content":{"rendered":"<p>Compozi\u021bie: ap\u0103 demineralizat\u0103, acid clorhidric 16%. Scop: Pentru cur\u0103\u021barea gresiei.<br \/>\nMod de utilizare: pulveriza\u021bi produsul pe suprafa\u021ba dorit\u0103. Pentru a \u00eendep\u0103rta murd\u0103ria \u00eenc\u0103p\u0103\u021b\u00e2nat\u0103, l\u0103sa\u021bi detergentul s\u0103 ac\u021bioneze timp de 15 minute, apoi freca\u021bi cu o perie \u0219i cl\u0103ti\u021bi cu ap\u0103.<\/p>\n","protected":false},"excerpt":{"rendered":"<p>Compozi\u021bie: ap\u0103 demineralizat\u0103, acid clorhidric 16%. Scop: Pentru cur\u0103\u021barea gresiei. Mod de utilizare: pulveriza\u021bi produsul pe suprafa\u021ba dorit\u0103. Pentru a<\/p>\n","protected":false},"featured_media":23779,"comment_status":"closed","ping_status":"closed","template":"","meta":[],"product_brand":[],"product_cat":[490,460],"product_tag":[],"class_list":{"0":"post-24156","1":"product","2":"type-product","3":"status-publish","4":"has-post-thumbnail","6":"product_cat-pentru-baie","7":"product_cat-promotii","9":"first","10":"instock","11":"sale","12":"purchasable","13":"product-type-simple"},"_links":{"self":[{"href":"https:\/\/rosmary.eu\/ro\/wp-json\/wp\/v2\/product\/24156","targetHints":{"allow":["GET"]}}],"collection":[{"href":"https:\/\/rosmary.eu\/ro\/wp-json\/wp\/v2\/product"}],"about":[{"href":"https:\/\/rosmary.eu\/ro\/wp-json\/wp\/v2\/types\/product"}],"replies":[{"embeddable":true,"href":"https:\/\/rosmary.eu\/ro\/wp-json\/wp\/v2\/comments?post=24156"}],"version-history":[{"count":0,"href":"https:\/\/rosmary.eu\/ro\/wp-json\/wp\/v2\/product\/24156\/revisions"}],"wp:featuredmedia":[{"embeddable":true,"href":"https:\/\/rosmary.eu\/ro\/wp-json\/wp\/v2\/media\/23779"}],"wp:attachment":[{"href":"https:\/\/rosmary.eu\/ro\/wp-json\/wp\/v2\/media?parent=24156"}],"wp:term":[{"taxonomy":"product_brand","embeddable":true,"href":"https:\/\/rosmary.eu\/ro\/wp-json\/wp\/v2\/product_brand?post=24156"},{"taxonomy":"product_cat","embeddable":true,"href":"https:\/\/rosmary.eu\/ro\/wp-json\/wp\/v2\/product_cat?post=24156"},{"taxonomy":"product_tag","embeddable":true,"href":"https:\/\/rosmary.eu\/ro\/wp-json\/wp\/v2\/product_tag?post=24156"}],"curies":[{"name":"wp","href":"https:\/\/api.w.org\/{rel}","templated":true}]}}