{"id":24139,"date":"2023-07-13T06:35:28","date_gmt":"2023-07-13T06:35:28","guid":{"rendered":"https:\/\/rosmary.eu\/produkt\/desfundator-de-scurgere-peak-out-apa-calda-60g\/"},"modified":"2023-07-13T06:35:28","modified_gmt":"2023-07-13T06:35:28","slug":"desfundator-de-scurgere-peak-out-apa-calda-60g","status":"publish","type":"product","link":"https:\/\/rosmary.eu\/ro\/produkt\/desfundator-de-scurgere-peak-out-apa-calda-60g\/","title":{"rendered":"Desfund\u0103tor de scurgere Peak out, ap\u0103 cald\u0103, 60g"},"content":{"rendered":"<p>Folosit cu ap\u0103 cald\u0103<br \/>\nDeblocheaz\u0103 instantaneu chiuvetele, c\u0103zile de baie \u0219i alte canale de scurgere<br \/>\nneutralizeaz\u0103 mirosurile nepl\u0103cute<br \/>\nNu deterioreaz\u0103 sifoanele \u0219i \u021bevile din plastic \u0219i metal<br \/>\nUtilizare lunar\u0103 recomandat\u0103 \u00een scop profilactic<br \/>\nAmbalare: 60 g<\/p>\n","protected":false},"excerpt":{"rendered":"<p>Folosit cu ap\u0103 cald\u0103 Deblocheaz\u0103 instantaneu chiuvetele, c\u0103zile de baie \u0219i alte canale de scurgere neutralizeaz\u0103 mirosurile nepl\u0103cute Nu deterioreaz\u0103<\/p>\n","protected":false},"featured_media":23802,"comment_status":"closed","ping_status":"closed","template":"","meta":[],"product_brand":[],"product_cat":[465],"product_tag":[],"class_list":{"0":"post-24139","1":"product","2":"type-product","3":"status-publish","4":"has-post-thumbnail","6":"product_cat-special","8":"first","9":"instock","10":"purchasable","11":"product-type-simple"},"_links":{"self":[{"href":"https:\/\/rosmary.eu\/ro\/wp-json\/wp\/v2\/product\/24139","targetHints":{"allow":["GET"]}}],"collection":[{"href":"https:\/\/rosmary.eu\/ro\/wp-json\/wp\/v2\/product"}],"about":[{"href":"https:\/\/rosmary.eu\/ro\/wp-json\/wp\/v2\/types\/product"}],"replies":[{"embeddable":true,"href":"https:\/\/rosmary.eu\/ro\/wp-json\/wp\/v2\/comments?post=24139"}],"version-history":[{"count":0,"href":"https:\/\/rosmary.eu\/ro\/wp-json\/wp\/v2\/product\/24139\/revisions"}],"wp:featuredmedia":[{"embeddable":true,"href":"https:\/\/rosmary.eu\/ro\/wp-json\/wp\/v2\/media\/23802"}],"wp:attachment":[{"href":"https:\/\/rosmary.eu\/ro\/wp-json\/wp\/v2\/media?parent=24139"}],"wp:term":[{"taxonomy":"product_brand","embeddable":true,"href":"https:\/\/rosmary.eu\/ro\/wp-json\/wp\/v2\/product_brand?post=24139"},{"taxonomy":"product_cat","embeddable":true,"href":"https:\/\/rosmary.eu\/ro\/wp-json\/wp\/v2\/product_cat?post=24139"},{"taxonomy":"product_tag","embeddable":true,"href":"https:\/\/rosmary.eu\/ro\/wp-json\/wp\/v2\/product_tag?post=24139"}],"curies":[{"name":"wp","href":"https:\/\/api.w.org\/{rel}","templated":true}]}}