{"id":24125,"date":"2023-07-13T06:35:28","date_gmt":"2023-07-13T06:35:28","guid":{"rendered":"https:\/\/rosmary.eu\/produkt\/heitmann-3in1-lichid-de-curatare-anticalcar-pentru-masini-de-spalat-rufe-si-masini-de-spalat-vase-250-ml\/"},"modified":"2023-07-13T06:35:28","modified_gmt":"2023-07-13T06:35:28","slug":"heitmann-3in1-lichid-de-curatare-anticalcar-pentru-masini-de-spalat-rufe-si-masini-de-spalat-vase-250-ml","status":"publish","type":"product","link":"https:\/\/rosmary.eu\/ro\/produkt\/heitmann-3in1-lichid-de-curatare-anticalcar-pentru-masini-de-spalat-rufe-si-masini-de-spalat-vase-250-ml\/","title":{"rendered":"Heitmann 3\u00een1 lichid de cur\u0103\u021bare anticalcar pentru ma\u0219ini de sp\u0103lat rufe \u0219i ma\u0219ini de sp\u0103lat vase, 250 ml"},"content":{"rendered":"<p>Heitmann este un produs de cur\u0103\u021bare a ma\u0219inilor de sp\u0103lat care elimin\u0103 murd\u0103ria \u0219i mirosurile nepl\u0103cute, igieniz\u00e2nd p\u0103r\u021bile din cauciuc \u0219i metal ale ma\u0219inii de sp\u0103lat. Dispozitivul de cur\u0103\u021bare are o formul\u0103 de ac\u021biune 3 \u00een 1, care asigur\u0103 \u00eendep\u0103rtarea u\u0219oar\u0103 a murd\u0103riei nepl\u0103cute \u0219i p\u0103strarea elasticit\u0103\u021bii anvelopei.<\/p>\n","protected":false},"excerpt":{"rendered":"<p>Heitmann este un produs de cur\u0103\u021bare a ma\u0219inilor de sp\u0103lat care elimin\u0103 murd\u0103ria \u0219i mirosurile nepl\u0103cute, igieniz\u00e2nd p\u0103r\u021bile din cauciuc<\/p>\n","protected":false},"featured_media":23772,"comment_status":"closed","ping_status":"closed","template":"","meta":[],"product_brand":[],"product_cat":[465],"product_tag":[],"class_list":{"0":"post-24125","1":"product","2":"type-product","3":"status-publish","4":"has-post-thumbnail","6":"product_cat-special","8":"first","9":"outofstock","10":"purchasable","11":"product-type-simple"},"_links":{"self":[{"href":"https:\/\/rosmary.eu\/ro\/wp-json\/wp\/v2\/product\/24125","targetHints":{"allow":["GET"]}}],"collection":[{"href":"https:\/\/rosmary.eu\/ro\/wp-json\/wp\/v2\/product"}],"about":[{"href":"https:\/\/rosmary.eu\/ro\/wp-json\/wp\/v2\/types\/product"}],"replies":[{"embeddable":true,"href":"https:\/\/rosmary.eu\/ro\/wp-json\/wp\/v2\/comments?post=24125"}],"version-history":[{"count":0,"href":"https:\/\/rosmary.eu\/ro\/wp-json\/wp\/v2\/product\/24125\/revisions"}],"wp:featuredmedia":[{"embeddable":true,"href":"https:\/\/rosmary.eu\/ro\/wp-json\/wp\/v2\/media\/23772"}],"wp:attachment":[{"href":"https:\/\/rosmary.eu\/ro\/wp-json\/wp\/v2\/media?parent=24125"}],"wp:term":[{"taxonomy":"product_brand","embeddable":true,"href":"https:\/\/rosmary.eu\/ro\/wp-json\/wp\/v2\/product_brand?post=24125"},{"taxonomy":"product_cat","embeddable":true,"href":"https:\/\/rosmary.eu\/ro\/wp-json\/wp\/v2\/product_cat?post=24125"},{"taxonomy":"product_tag","embeddable":true,"href":"https:\/\/rosmary.eu\/ro\/wp-json\/wp\/v2\/product_tag?post=24125"}],"curies":[{"name":"wp","href":"https:\/\/api.w.org\/{rel}","templated":true}]}}