{"id":24117,"date":"2023-07-13T06:35:41","date_gmt":"2023-07-13T06:35:41","guid":{"rendered":"https:\/\/rosmary.eu\/produkt\/capace-de-sticla-to-33-mm-1-bucata\/"},"modified":"2024-01-08T10:59:38","modified_gmt":"2024-01-08T10:59:38","slug":"capace-de-sticla-to-33-mm-1-bucata","status":"publish","type":"product","link":"https:\/\/rosmary.eu\/ro\/produkt\/capace-de-sticla-to-33-mm-1-bucata\/","title":{"rendered":"Capace de sticl\u0103 TO, 33 mm, 1 bucat\u0103"},"content":{"rendered":"<p>Capace de sticl\u0103 TO, 33 mm<\/p>\n","protected":false},"excerpt":{"rendered":"<p>Capace de sticl\u0103 TO, 33 mm<\/p>\n","protected":false},"featured_media":23777,"comment_status":"closed","ping_status":"closed","template":"","meta":[],"product_brand":[],"product_cat":[317],"product_tag":[],"class_list":{"0":"post-24117","1":"product","2":"type-product","3":"status-publish","4":"has-post-thumbnail","6":"product_cat-obshti","8":"first","9":"instock","10":"purchasable","11":"product-type-simple"},"_links":{"self":[{"href":"https:\/\/rosmary.eu\/ro\/wp-json\/wp\/v2\/product\/24117","targetHints":{"allow":["GET"]}}],"collection":[{"href":"https:\/\/rosmary.eu\/ro\/wp-json\/wp\/v2\/product"}],"about":[{"href":"https:\/\/rosmary.eu\/ro\/wp-json\/wp\/v2\/types\/product"}],"replies":[{"embeddable":true,"href":"https:\/\/rosmary.eu\/ro\/wp-json\/wp\/v2\/comments?post=24117"}],"version-history":[{"count":1,"href":"https:\/\/rosmary.eu\/ro\/wp-json\/wp\/v2\/product\/24117\/revisions"}],"predecessor-version":[{"id":24126,"href":"https:\/\/rosmary.eu\/ro\/wp-json\/wp\/v2\/product\/24117\/revisions\/24126"}],"wp:featuredmedia":[{"embeddable":true,"href":"https:\/\/rosmary.eu\/ro\/wp-json\/wp\/v2\/media\/23777"}],"wp:attachment":[{"href":"https:\/\/rosmary.eu\/ro\/wp-json\/wp\/v2\/media?parent=24117"}],"wp:term":[{"taxonomy":"product_brand","embeddable":true,"href":"https:\/\/rosmary.eu\/ro\/wp-json\/wp\/v2\/product_brand?post=24117"},{"taxonomy":"product_cat","embeddable":true,"href":"https:\/\/rosmary.eu\/ro\/wp-json\/wp\/v2\/product_cat?post=24117"},{"taxonomy":"product_tag","embeddable":true,"href":"https:\/\/rosmary.eu\/ro\/wp-json\/wp\/v2\/product_tag?post=24117"}],"curies":[{"name":"wp","href":"https:\/\/api.w.org\/{rel}","templated":true}]}}