{"id":24103,"date":"2025-05-15T08:10:41","date_gmt":"2025-05-15T05:10:41","guid":{"rendered":"https:\/\/rosmary.eu\/produkt\/flavouring-bros-impotriva-moliilor-lavanda-1-buc\/"},"modified":"2023-07-13T06:35:41","modified_gmt":"2023-07-13T06:35:41","slug":"flavouring-bros-impotriva-moliilor-lavanda-1-buc","status":"publish","type":"product","link":"https:\/\/rosmary.eu\/ro\/produkt\/flavouring-bros-impotriva-moliilor-lavanda-1-buc\/","title":{"rendered":"Flavouring Bros &#8211; \u00eempotriva moliilor, lavand\u0103, 1 buc."},"content":{"rendered":"<p>Anti-Moth Flavour Bros ac\u021bioneaz\u0103 timp de p\u00e2n\u0103 la 6 luni \u00eempotriva moliilor, a ou\u0103lor \u0219i a larvelor acestora. Parfum de lavand\u0103.<\/p>\n","protected":false},"excerpt":{"rendered":"<p>Anti-Moth Flavour Bros ac\u021bioneaz\u0103 timp de p\u00e2n\u0103 la 6 luni \u00eempotriva moliilor, a ou\u0103lor \u0219i a larvelor acestora. Parfum de<\/p>\n","protected":false},"featured_media":23757,"comment_status":"closed","ping_status":"closed","template":"","meta":[],"product_brand":[],"product_cat":[474,460],"product_tag":[],"class_list":{"0":"post-24103","1":"product","2":"type-product","3":"status-publish","4":"has-post-thumbnail","6":"product_cat-repelenti-ro","7":"product_cat-promotii","9":"first","10":"outofstock","11":"purchasable","12":"product-type-simple"},"_links":{"self":[{"href":"https:\/\/rosmary.eu\/ro\/wp-json\/wp\/v2\/product\/24103","targetHints":{"allow":["GET"]}}],"collection":[{"href":"https:\/\/rosmary.eu\/ro\/wp-json\/wp\/v2\/product"}],"about":[{"href":"https:\/\/rosmary.eu\/ro\/wp-json\/wp\/v2\/types\/product"}],"replies":[{"embeddable":true,"href":"https:\/\/rosmary.eu\/ro\/wp-json\/wp\/v2\/comments?post=24103"}],"version-history":[{"count":0,"href":"https:\/\/rosmary.eu\/ro\/wp-json\/wp\/v2\/product\/24103\/revisions"}],"wp:featuredmedia":[{"embeddable":true,"href":"https:\/\/rosmary.eu\/ro\/wp-json\/wp\/v2\/media\/23757"}],"wp:attachment":[{"href":"https:\/\/rosmary.eu\/ro\/wp-json\/wp\/v2\/media?parent=24103"}],"wp:term":[{"taxonomy":"product_brand","embeddable":true,"href":"https:\/\/rosmary.eu\/ro\/wp-json\/wp\/v2\/product_brand?post=24103"},{"taxonomy":"product_cat","embeddable":true,"href":"https:\/\/rosmary.eu\/ro\/wp-json\/wp\/v2\/product_cat?post=24103"},{"taxonomy":"product_tag","embeddable":true,"href":"https:\/\/rosmary.eu\/ro\/wp-json\/wp\/v2\/product_tag?post=24103"}],"curies":[{"name":"wp","href":"https:\/\/api.w.org\/{rel}","templated":true}]}}