{"id":24089,"date":"2023-11-22T12:22:46","date_gmt":"2023-11-22T09:22:46","guid":{"rendered":"https:\/\/rosmary.eu\/produkt\/parfum-evterpa-ribbon-50-ml\/"},"modified":"2024-01-08T10:57:29","modified_gmt":"2024-01-08T10:57:29","slug":"parfum-evterpa-ribbon-50-ml","status":"publish","type":"product","link":"https:\/\/rosmary.eu\/ro\/produkt\/parfum-evterpa-ribbon-50-ml\/","title":{"rendered":"Parfum Evterpa &#8211; Ribbon, 50 ml"},"content":{"rendered":"<p>Note de v\u00e2rf Portocal\u0103 dulce \u0219i portocal\u0103 amar\u0103; note de inim\u0103 Lotus albastru \u0219i trandafir de mai; note de baz\u0103 Fasole tonka, vanilie, balsam de tolu, chihlimbar \u0219i lemn de santal.<\/p>\n","protected":false},"excerpt":{"rendered":"<p>Note de v\u00e2rf Portocal\u0103 dulce \u0219i portocal\u0103 amar\u0103; note de inim\u0103 Lotus albastru \u0219i trandafir de mai; note de baz\u0103<\/p>\n","protected":false},"featured_media":23368,"comment_status":"closed","ping_status":"closed","template":"","meta":[],"product_brand":[],"product_cat":[608,607,458],"product_tag":[],"class_list":{"0":"post-24089","1":"product","2":"type-product","3":"status-publish","4":"has-post-thumbnail","6":"product_cat-produse-cosmetice","7":"product_cat-femei-ro","8":"product_cat-parfumuri","10":"first","11":"outofstock","12":"purchasable","13":"product-type-simple"},"_links":{"self":[{"href":"https:\/\/rosmary.eu\/ro\/wp-json\/wp\/v2\/product\/24089","targetHints":{"allow":["GET"]}}],"collection":[{"href":"https:\/\/rosmary.eu\/ro\/wp-json\/wp\/v2\/product"}],"about":[{"href":"https:\/\/rosmary.eu\/ro\/wp-json\/wp\/v2\/types\/product"}],"replies":[{"embeddable":true,"href":"https:\/\/rosmary.eu\/ro\/wp-json\/wp\/v2\/comments?post=24089"}],"version-history":[{"count":1,"href":"https:\/\/rosmary.eu\/ro\/wp-json\/wp\/v2\/product\/24089\/revisions"}],"predecessor-version":[{"id":24095,"href":"https:\/\/rosmary.eu\/ro\/wp-json\/wp\/v2\/product\/24089\/revisions\/24095"}],"wp:featuredmedia":[{"embeddable":true,"href":"https:\/\/rosmary.eu\/ro\/wp-json\/wp\/v2\/media\/23368"}],"wp:attachment":[{"href":"https:\/\/rosmary.eu\/ro\/wp-json\/wp\/v2\/media?parent=24089"}],"wp:term":[{"taxonomy":"product_brand","embeddable":true,"href":"https:\/\/rosmary.eu\/ro\/wp-json\/wp\/v2\/product_brand?post=24089"},{"taxonomy":"product_cat","embeddable":true,"href":"https:\/\/rosmary.eu\/ro\/wp-json\/wp\/v2\/product_cat?post=24089"},{"taxonomy":"product_tag","embeddable":true,"href":"https:\/\/rosmary.eu\/ro\/wp-json\/wp\/v2\/product_tag?post=24089"}],"curies":[{"name":"wp","href":"https:\/\/api.w.org\/{rel}","templated":true}]}}