{"id":24065,"date":"2023-07-13T06:35:54","date_gmt":"2023-07-13T06:35:54","guid":{"rendered":"https:\/\/rosmary.eu\/produkt\/tonic-racoritor-dupa-plaja-cu-particule-de-aur-leganza-sun-200-ml\/"},"modified":"2024-01-08T10:57:24","modified_gmt":"2024-01-08T10:57:24","slug":"tonic-racoritor-dupa-plaja-cu-particule-de-aur-leganza-sun-200-ml","status":"publish","type":"product","link":"https:\/\/rosmary.eu\/ro\/produkt\/tonic-racoritor-dupa-plaja-cu-particule-de-aur-leganza-sun-200-ml\/","title":{"rendered":"Tonic r\u0103coritor dup\u0103 plaj\u0103 cu particule de aur Leganza sun, 200 ml"},"content":{"rendered":"<p>Formul\u0103 inovatoare cu absorb\u021bie rapid\u0103, cu alantoin\u0103 \u0219i D-pantenol pentru a calma, re\u00eemprosp\u0103ta \u0219i reface hidratarea pierdut\u0103 de piele. Particulele aurii confer\u0103 un aspect radiant \u0219i un ten frumos. Utilizarea regulat\u0103 dup\u0103 expunerea la soare ajut\u0103 la hidroechilibrul pielii \u0219i o face s\u0103 fie m\u0103t\u0103soas\u0103.<br \/>\n-Freshening<br \/>\n-Calming<br \/>\n-Hidratare<br \/>\n-Str\u0103lucire aurie pe piele<br \/>\nMOD DE UTILIZARE: Agita\u021bi \u00eenainte de utilizare. Aplica\u021bi cu mi\u0219c\u0103ri de masaj pe piele. Utiliza\u021bi zilnic dup\u0103 expunerea la soare.<\/p>\n","protected":false},"excerpt":{"rendered":"<p>Formul\u0103 inovatoare cu absorb\u021bie rapid\u0103, cu alantoin\u0103 \u0219i D-pantenol pentru a calma, re\u00eemprosp\u0103ta \u0219i reface hidratarea pierdut\u0103 de piele. Particulele<\/p>\n","protected":false},"featured_media":23828,"comment_status":"closed","ping_status":"closed","template":"","meta":[],"product_brand":[],"product_cat":[470],"product_tag":[],"class_list":{"0":"post-24065","1":"product","2":"type-product","3":"status-publish","4":"has-post-thumbnail","6":"product_cat-produse-de-protectie-solara","8":"first","9":"outofstock","10":"purchasable","11":"product-type-simple"},"_links":{"self":[{"href":"https:\/\/rosmary.eu\/ro\/wp-json\/wp\/v2\/product\/24065","targetHints":{"allow":["GET"]}}],"collection":[{"href":"https:\/\/rosmary.eu\/ro\/wp-json\/wp\/v2\/product"}],"about":[{"href":"https:\/\/rosmary.eu\/ro\/wp-json\/wp\/v2\/types\/product"}],"replies":[{"embeddable":true,"href":"https:\/\/rosmary.eu\/ro\/wp-json\/wp\/v2\/comments?post=24065"}],"version-history":[{"count":1,"href":"https:\/\/rosmary.eu\/ro\/wp-json\/wp\/v2\/product\/24065\/revisions"}],"predecessor-version":[{"id":24085,"href":"https:\/\/rosmary.eu\/ro\/wp-json\/wp\/v2\/product\/24065\/revisions\/24085"}],"wp:featuredmedia":[{"embeddable":true,"href":"https:\/\/rosmary.eu\/ro\/wp-json\/wp\/v2\/media\/23828"}],"wp:attachment":[{"href":"https:\/\/rosmary.eu\/ro\/wp-json\/wp\/v2\/media?parent=24065"}],"wp:term":[{"taxonomy":"product_brand","embeddable":true,"href":"https:\/\/rosmary.eu\/ro\/wp-json\/wp\/v2\/product_brand?post=24065"},{"taxonomy":"product_cat","embeddable":true,"href":"https:\/\/rosmary.eu\/ro\/wp-json\/wp\/v2\/product_cat?post=24065"},{"taxonomy":"product_tag","embeddable":true,"href":"https:\/\/rosmary.eu\/ro\/wp-json\/wp\/v2\/product_tag?post=24065"}],"curies":[{"name":"wp","href":"https:\/\/api.w.org\/{rel}","templated":true}]}}