{"id":24043,"date":"2023-11-10T07:55:08","date_gmt":"2023-11-10T04:55:08","guid":{"rendered":"https:\/\/rosmary.eu\/produkt\/balsam-de-glicerina-evterpa-pentru-maini-si-corp-180-ml\/"},"modified":"2024-01-08T10:57:10","modified_gmt":"2024-01-08T10:57:10","slug":"balsam-de-glicerina-evterpa-pentru-maini-si-corp-180-ml","status":"publish","type":"product","link":"https:\/\/rosmary.eu\/ro\/produkt\/balsam-de-glicerina-evterpa-pentru-maini-si-corp-180-ml\/","title":{"rendered":"Balsam de glicerin\u0103 Evterpa &#8211; pentru m\u00e2ini \u0219i corp, 180 ml"},"content":{"rendered":"<p>\u00cengrijire intensiv\u0103 delicat\u0103, cu o combina\u021bie de ingrediente care hr\u0103nesc, hidrateaz\u0103 \u0219i re\u00eennoiesc delicat pielea. O cantitate mic\u0103 de produs stimuleaz\u0103 regenerarea epidermei de pe m\u00e2ini, picioare \u0219i din zonele cu probleme.<\/p>\n","protected":false},"excerpt":{"rendered":"<p>\u00cengrijire intensiv\u0103 delicat\u0103, cu o combina\u021bie de ingrediente care hr\u0103nesc, hidrateaz\u0103 \u0219i re\u00eennoiesc delicat pielea. O cantitate mic\u0103 de produs<\/p>\n","protected":false},"featured_media":23436,"comment_status":"closed","ping_status":"closed","template":"","meta":[],"product_brand":[],"product_cat":[608,547],"product_tag":[],"class_list":{"0":"post-24043","1":"product","2":"type-product","3":"status-publish","4":"has-post-thumbnail","6":"product_cat-produse-cosmetice","7":"product_cat-produse-pentru-maini","9":"first","10":"outofstock","11":"sale","12":"purchasable","13":"product-type-simple"},"_links":{"self":[{"href":"https:\/\/rosmary.eu\/ro\/wp-json\/wp\/v2\/product\/24043","targetHints":{"allow":["GET"]}}],"collection":[{"href":"https:\/\/rosmary.eu\/ro\/wp-json\/wp\/v2\/product"}],"about":[{"href":"https:\/\/rosmary.eu\/ro\/wp-json\/wp\/v2\/types\/product"}],"replies":[{"embeddable":true,"href":"https:\/\/rosmary.eu\/ro\/wp-json\/wp\/v2\/comments?post=24043"}],"version-history":[{"count":1,"href":"https:\/\/rosmary.eu\/ro\/wp-json\/wp\/v2\/product\/24043\/revisions"}],"predecessor-version":[{"id":24057,"href":"https:\/\/rosmary.eu\/ro\/wp-json\/wp\/v2\/product\/24043\/revisions\/24057"}],"wp:featuredmedia":[{"embeddable":true,"href":"https:\/\/rosmary.eu\/ro\/wp-json\/wp\/v2\/media\/23436"}],"wp:attachment":[{"href":"https:\/\/rosmary.eu\/ro\/wp-json\/wp\/v2\/media?parent=24043"}],"wp:term":[{"taxonomy":"product_brand","embeddable":true,"href":"https:\/\/rosmary.eu\/ro\/wp-json\/wp\/v2\/product_brand?post=24043"},{"taxonomy":"product_cat","embeddable":true,"href":"https:\/\/rosmary.eu\/ro\/wp-json\/wp\/v2\/product_cat?post=24043"},{"taxonomy":"product_tag","embeddable":true,"href":"https:\/\/rosmary.eu\/ro\/wp-json\/wp\/v2\/product_tag?post=24043"}],"curies":[{"name":"wp","href":"https:\/\/api.w.org\/{rel}","templated":true}]}}