{"id":24034,"date":"2023-11-10T07:55:08","date_gmt":"2023-11-10T07:55:08","guid":{"rendered":"https:\/\/rosmary.eu\/produkt\/lapte-de-toaleta-biofresh-pentru-fata-cu-lamaie-200-ml\/"},"modified":"2024-01-08T10:57:16","modified_gmt":"2024-01-08T10:57:16","slug":"lapte-de-toaleta-biofresh-pentru-fata-cu-lamaie-200-ml","status":"publish","type":"product","link":"https:\/\/rosmary.eu\/ro\/produkt\/lapte-de-toaleta-biofresh-pentru-fata-cu-lamaie-200-ml\/","title":{"rendered":"Lapte de toalet\u0103 BioFresh &#8211; pentru fa\u021b\u0103, cu l\u0103m\u00e2ie, 200 ml"},"content":{"rendered":"<p>Mod de utilizare: Folosind un tampon de bumbac \u00eembibat \u00een lapte de toalet\u0103, \u00eendep\u0103rta\u021bi u\u0219or machiajul, apoi cur\u0103\u021ba\u021bi \u00eentreaga fa\u021b\u0103 \u0219i g\u00e2tul.<\/p>\n","protected":false},"excerpt":{"rendered":"<p>Mod de utilizare: Folosind un tampon de bumbac \u00eembibat \u00een lapte de toalet\u0103, \u00eendep\u0103rta\u021bi u\u0219or machiajul, apoi cur\u0103\u021ba\u021bi \u00eentreaga fa\u021b\u0103<\/p>\n","protected":false},"featured_media":23410,"comment_status":"closed","ping_status":"closed","template":"","meta":[],"product_brand":[],"product_cat":[608,607,511],"product_tag":[],"class_list":{"0":"post-24034","1":"product","2":"type-product","3":"status-publish","4":"has-post-thumbnail","6":"product_cat-produse-cosmetice","7":"product_cat-femei-ro","8":"product_cat-ingrijirea-fetei","10":"first","11":"instock","12":"purchasable","13":"product-type-simple"},"_links":{"self":[{"href":"https:\/\/rosmary.eu\/ro\/wp-json\/wp\/v2\/product\/24034","targetHints":{"allow":["GET"]}}],"collection":[{"href":"https:\/\/rosmary.eu\/ro\/wp-json\/wp\/v2\/product"}],"about":[{"href":"https:\/\/rosmary.eu\/ro\/wp-json\/wp\/v2\/types\/product"}],"replies":[{"embeddable":true,"href":"https:\/\/rosmary.eu\/ro\/wp-json\/wp\/v2\/comments?post=24034"}],"version-history":[{"count":1,"href":"https:\/\/rosmary.eu\/ro\/wp-json\/wp\/v2\/product\/24034\/revisions"}],"predecessor-version":[{"id":24074,"href":"https:\/\/rosmary.eu\/ro\/wp-json\/wp\/v2\/product\/24034\/revisions\/24074"}],"wp:featuredmedia":[{"embeddable":true,"href":"https:\/\/rosmary.eu\/ro\/wp-json\/wp\/v2\/media\/23410"}],"wp:attachment":[{"href":"https:\/\/rosmary.eu\/ro\/wp-json\/wp\/v2\/media?parent=24034"}],"wp:term":[{"taxonomy":"product_brand","embeddable":true,"href":"https:\/\/rosmary.eu\/ro\/wp-json\/wp\/v2\/product_brand?post=24034"},{"taxonomy":"product_cat","embeddable":true,"href":"https:\/\/rosmary.eu\/ro\/wp-json\/wp\/v2\/product_cat?post=24034"},{"taxonomy":"product_tag","embeddable":true,"href":"https:\/\/rosmary.eu\/ro\/wp-json\/wp\/v2\/product_tag?post=24034"}],"curies":[{"name":"wp","href":"https:\/\/api.w.org\/{rel}","templated":true}]}}