{"id":24029,"date":"2023-11-22T12:22:46","date_gmt":"2023-11-22T09:22:46","guid":{"rendered":"https:\/\/rosmary.eu\/produkt\/parfum-euterpa-violette-50-ml\/"},"modified":"2024-01-08T10:57:07","modified_gmt":"2024-01-08T10:57:07","slug":"parfum-euterpa-violette-50-ml","status":"publish","type":"product","link":"https:\/\/rosmary.eu\/ro\/produkt\/parfum-euterpa-violette-50-ml\/","title":{"rendered":"Parfum Euterpa &#8211; Violette, 50 ml"},"content":{"rendered":"<p>Partea superioar\u0103: l\u0103m\u00e2ie sicilian\u0103, m\u0103r, cedru \u0219i clopo\u021bel; partea de mijloc: bambus, iasomie, \u0219ofran \u0219i trandafir alb; partea de baz\u0103: lemn de santal, mosc \u0219i chihlimbar.<\/p>\n","protected":false},"excerpt":{"rendered":"<p>Partea superioar\u0103: l\u0103m\u00e2ie sicilian\u0103, m\u0103r, cedru \u0219i clopo\u021bel; partea de mijloc: bambus, iasomie, \u0219ofran \u0219i trandafir alb; partea de baz\u0103:<\/p>\n","protected":false},"featured_media":23384,"comment_status":"closed","ping_status":"closed","template":"","meta":[],"product_brand":[],"product_cat":[608,607,458],"product_tag":[],"class_list":{"0":"post-24029","1":"product","2":"type-product","3":"status-publish","4":"has-post-thumbnail","6":"product_cat-produse-cosmetice","7":"product_cat-femei-ro","8":"product_cat-parfumuri","10":"first","11":"instock","12":"purchasable","13":"product-type-simple"},"_links":{"self":[{"href":"https:\/\/rosmary.eu\/ro\/wp-json\/wp\/v2\/product\/24029","targetHints":{"allow":["GET"]}}],"collection":[{"href":"https:\/\/rosmary.eu\/ro\/wp-json\/wp\/v2\/product"}],"about":[{"href":"https:\/\/rosmary.eu\/ro\/wp-json\/wp\/v2\/types\/product"}],"replies":[{"embeddable":true,"href":"https:\/\/rosmary.eu\/ro\/wp-json\/wp\/v2\/comments?post=24029"}],"version-history":[{"count":1,"href":"https:\/\/rosmary.eu\/ro\/wp-json\/wp\/v2\/product\/24029\/revisions"}],"predecessor-version":[{"id":24050,"href":"https:\/\/rosmary.eu\/ro\/wp-json\/wp\/v2\/product\/24029\/revisions\/24050"}],"wp:featuredmedia":[{"embeddable":true,"href":"https:\/\/rosmary.eu\/ro\/wp-json\/wp\/v2\/media\/23384"}],"wp:attachment":[{"href":"https:\/\/rosmary.eu\/ro\/wp-json\/wp\/v2\/media?parent=24029"}],"wp:term":[{"taxonomy":"product_brand","embeddable":true,"href":"https:\/\/rosmary.eu\/ro\/wp-json\/wp\/v2\/product_brand?post=24029"},{"taxonomy":"product_cat","embeddable":true,"href":"https:\/\/rosmary.eu\/ro\/wp-json\/wp\/v2\/product_cat?post=24029"},{"taxonomy":"product_tag","embeddable":true,"href":"https:\/\/rosmary.eu\/ro\/wp-json\/wp\/v2\/product_tag?post=24029"}],"curies":[{"name":"wp","href":"https:\/\/api.w.org\/{rel}","templated":true}]}}